{"id":894,"date":"2020-11-03T10:49:38","date_gmt":"2020-11-03T08:49:38","guid":{"rendered":"http:\/\/nationalpark-gesaeuse.at\/?page_id=894"},"modified":"2025-03-27T12:13:48","modified_gmt":"2025-03-27T10:13:48","slug":"with-special-needs","status":"publish","type":"page","link":"https:\/\/nationalpark-gesaeuse.at\/en\/nationalpark-erleben\/aktivitaeten\/mit_besonderen_beduerfnissen\/","title":{"rendered":"With special needs"},"content":{"rendered":"<section id='lightpress__section--block_402dd45399eaaec6fdcbc8c0aeb281c8' class='lightpress__section lightpress__section--headline lightpress__section--full_width lightpress__section--'><div class=\"headline\">\n    <h2 class=\"headline__title uppercase color-headline-light\">F\u00fcr Menschen mit Behinderung<\/h2>\n    <hr class=\"headline__rule\">\n    <\/div>\n<\/section>\n\n<section id='lightpress__section--block_76e81a44d70416497a00f7ec5dda7cd9' class='lightpress__section lightpress__section--text lightpress__section--full_width lightpress__section--'>    <div><p><span style=\"text-decoration: underline;\"><strong>Accessibility in Ges\u00e4use National Park<\/strong><\/span><\/p>\n<p>&nbsp;<\/p>\n<p>Das Ges\u00e4use ist eine besondere Landschaft in der Natur.<\/p>\n<p data-start=\"168\" data-end=\"330\">Damit <strong data-start=\"174\" data-end=\"250\">Familien mit kleinen Kindern, Menschen mit Gehproblemen oder Behinderung<\/strong> die Natur erleben k\u00f6nnen, gibt es im Nationalpark <strong data-start=\"301\" data-end=\"327\">barrierefreie Angebote<\/strong>.<\/p>\n<p data-start=\"332\" data-end=\"873\">Die drei Besucherzentren \u2013 <strong data-start=\"359\" data-end=\"445\">Erlebniszentrum Weidendom, Nationalpark Pavillon Gstatterboden und Infob\u00fcro Admont<\/strong> \u2013 sind barrierefrei. Das bedeutet: <strong data-start=\"481\" data-end=\"525\">Alle Menschen k\u00f6nnen die Angebote nutzen<\/strong>. Auch in der Natur gibt es barrierefreie Wege, zum Beispiel der <strong data-start=\"590\" data-end=\"617\">Themenweg \u201eLettmair Au\u201c<\/strong> und der <strong data-start=\"626\" data-end=\"640\">\u201eLeierweg\u201c<\/strong>. Ein besonderes Erlebnis ist die <strong data-start=\"674\" data-end=\"688\">wilde Enns<\/strong>. Am <strong data-start=\"693\" data-end=\"710\">Johnsbachsteg<\/strong> gibt es ein <strong data-start=\"723\" data-end=\"754\">Fenster f\u00fcr Rollstuhlfahrer<\/strong>, um den Fluss zu sehen. Beim <strong data-start=\"784\" data-end=\"813\">National Park Centre Willow Dome<\/strong> gibt es einen <strong data-start=\"828\" data-end=\"870\">Parkplatz f\u00fcr Menschen mit Behinderung<\/strong>.<\/p>\n<p data-start=\"875\" data-end=\"1205\">Wer h\u00f6her in die Berge m\u00f6chte, kann spezielle Zugger\u00e4te f\u00fcr Rollst\u00fchle nutzen. Diese Ger\u00e4te hei\u00dfen <strong data-start=\"974\" data-end=\"989\">Swiss-Tracs<\/strong>. Mit ihnen kann man auch <strong data-start=\"1015\" data-end=\"1024\">Almen<\/strong> erreichen. Man kann sie im <strong data-start=\"1052\" data-end=\"1091\">Erlebniszentrum Weidendom ausleihen<\/strong>. Daf\u00fcr muss man sich vorher anmelden \u2013 entweder im <strong data-start=\"1143\" data-end=\"1162\">Info office Admont<\/strong> (Tel. +43 3613 2116020) oder <strong data-start=\"1192\" data-end=\"1202\">online<\/strong>.<\/p>\n<\/div>\n\n    <\/section>\n\n<section id='lightpress__section--block_ece767c6e465408bf54ffa41dd40ddb0' class='lightpress__section lightpress__section--downloads lightpress__section--full_width lightpress__section--'><div class=\"downloads\">\n    <div class=\"downloads__title-container\">\n        <h2 class=\"downloads__title uppercase\">Further informations<\/h2>\n    <\/div>\n    <div class=\"downloads__files\">\n                    <style style=\"display: none\">.download{display:-webkit-box;display:-ms-flexbox;display:flex;-webkit-box-pack:justify;-ms-flex-pack:justify;justify-content:space-between;-webkit-box-align:center;-ms-flex-align:center;align-items:center;-webkit-box-sizing:border-box;box-sizing:border-box;padding:1em;border-radius:3px}.download__info{-ms-flex-wrap:nowrap;flex-wrap:nowrap}.download__info>*{display:inline-block}.download__title{font-size:1.1875rem;line-height:1em}.lightpress__body .download__filesize{margin-right:1em;font-size:.875rem;line-height:1em;opacity:.66}.download__link{color:var(--color-dark, black)}<\/style>\n\n<div class=\"download bg-light\">\n    <p class=\"download__title color-text-grey\">Leichte Touren &#8211; Stand 2025<\/p>\n    <div class=\"download__info\">\n                    <p class=\"download__filesize color-text-grey\">2.6 MB<\/p>\n                <a href=\"https:\/\/nationalpark-gesaeuse.at\/wp-content\/uploads\/npg2025_leichte_touren_barrierefrei_web.pdf\" class=\"download__link\" download>\n            <i class=\"fal fa-download fa-lg\"><\/i>\n        <\/a>\n    <\/div>\n<\/div>            <\/div>\n<\/div><\/section>","protected":false},"excerpt":{"rendered":"","protected":false},"author":3,"featured_media":0,"parent":263,"menu_order":5,"comment_status":"closed","ping_status":"closed","template":"","meta":{"_acf_changed":false,"footnotes":""},"class_list":["post-894","page","type-page","status-publish","hentry"],"acf":[],"_links":{"self":[{"href":"https:\/\/nationalpark-gesaeuse.at\/en\/wp-json\/wp\/v2\/pages\/894","targetHints":{"allow":["GET"]}}],"collection":[{"href":"https:\/\/nationalpark-gesaeuse.at\/en\/wp-json\/wp\/v2\/pages"}],"about":[{"href":"https:\/\/nationalpark-gesaeuse.at\/en\/wp-json\/wp\/v2\/types\/page"}],"author":[{"embeddable":true,"href":"https:\/\/nationalpark-gesaeuse.at\/en\/wp-json\/wp\/v2\/users\/3"}],"replies":[{"embeddable":true,"href":"https:\/\/nationalpark-gesaeuse.at\/en\/wp-json\/wp\/v2\/comments?post=894"}],"version-history":[{"count":3,"href":"https:\/\/nationalpark-gesaeuse.at\/en\/wp-json\/wp\/v2\/pages\/894\/revisions"}],"predecessor-version":[{"id":16887,"href":"https:\/\/nationalpark-gesaeuse.at\/en\/wp-json\/wp\/v2\/pages\/894\/revisions\/16887"}],"up":[{"embeddable":true,"href":"https:\/\/nationalpark-gesaeuse.at\/en\/wp-json\/wp\/v2\/pages\/263"}],"wp:attachment":[{"href":"https:\/\/nationalpark-gesaeuse.at\/en\/wp-json\/wp\/v2\/media?parent=894"}],"curies":[{"name":"wp","href":"https:\/\/api.w.org\/{rel}","templated":true}]}}