{"id":856,"date":"2020-11-02T17:47:01","date_gmt":"2020-11-02T15:47:01","guid":{"rendered":"http:\/\/nationalpark-gesaeuse.at\/?page_id=856"},"modified":"2026-02-27T15:01:13","modified_gmt":"2026-02-27T13:01:13","slug":"exhibitions","status":"publish","type":"page","link":"https:\/\/nationalpark-gesaeuse.at\/en\/nationalpark-erleben\/aktivitaeten\/ausstellung\/","title":{"rendered":"Exhibitions"},"content":{"rendered":"<section id='lightpress__section--block_e4b0d3a27948f1d238514dca49efd659' class='lightpress__section lightpress__section--headline lightpress__section--full_width lightpress__section--'><div class=\"headline\">\n    <h2 class=\"headline__title uppercase color-headline-light\">National Park Photo School - Exhibitions<\/h2>\n    <hr class=\"headline__rule\">\n    <\/div>\n<\/section>\n\n<section id='lightpress__section--block_fec9456145d7c5f1e39b63df98449226' class='lightpress__section lightpress__section--google-map lightpress__section--full_width lightpress__section--'><\/section>\n\n<section id='lightpress__section--block_bb435ddeb94a4f019c72a4563d5016df' class='lightpress__section lightpress__section--image-text lightpress__section--full_width lightpress__section--'><div class=\"image-text image-text--mirrored\">\n    <div class=\"image-text__content image-text__column\">\n        <p class=\"image-text__subtitle\">Galerie Fokus, Admont<\/p>\n        <h3 class=\"image-text__title uppercase color-text-darker\">Kreative Naturfotografie \u2013 sechs Perspektiven<\/h3>\n        <div class=\"image-text__text wysiwyg color-text-grey\">\n            <p>Die Vernissage\/Er\u00f6ffnung ist am Montag, 9. M\u00e4rz 2026, ab 18 Uhr; die Fotografen <strong>Karin Rollett-Vlcek und Gerhard Vlcek<\/strong> sind anwesend.<\/p>\n<p>Thematisch zeigt sie mikroskopische Einblicke in den inneren Aufbau heimischer Pflanzen \u2013 Quer- und L\u00e4ngsschnitte von Stielen, Trieben, Nadeln, Knospen und Holz, sichtbar gemacht durch F\u00e4rbe- und Lichttechniken wie Durchlicht und Fluoreszenz. Karin Rollett-Vlcek und Gerhard Vlcek sind Naturfotografen mit chemischem Fachhintergrund und besch\u00e4ftigen sich seit \u00fcber zehn Jahren intensiv mit Mikrofotografie.<\/p>\n<p><strong>Opening hours:<\/strong><\/p>\n<p>09. M\u00e4rz 2026 &#8211; 26. April 2026<\/p>\n<p>Montag bis Sonntag<br \/>\n09:00 \u2013 15:00 Uhr<\/p>\n<p>&nbsp;<\/p>\n<p>Eintritt: frei<\/p>\n<p>Galerie Fokus,<br \/>\nHauptstra\u00dfe 32, 8911 Admont<\/p>\n\n        <\/div>\n            <\/div>\n    <img decoding=\"async\" src=\"https:\/\/nationalpark-gesaeuse.at\/wp-content\/uploads\/07_Latsche_W3A_Uvitex2B_SPA10-Pano4x1_klein-scaled.jpg\" alt=\"Karin Rollett-Vlcek, Gerhard Vlcek_Latsche\" class=\"image-text__image image-text__column\" loading=\"lazy\" \/>\n<\/div><\/section>\n\n<section id='lightpress__section--block_537e2e5f85bcc2a7a96b9e563886f83d' class='lightpress__section lightpress__section--image-text lightpress__section--full_width lightpress__section--'><div class=\"image-text\">\n    <div class=\"image-text__content image-text__column\">\n        <p class=\"image-text__subtitle\">Alte S\u00e4ge, Gstatterboden<\/p>\n        <h3 class=\"image-text__title uppercase color-text-darker\">Der europ\u00e4ische Luchs &#8211; Geschichten aus dem Verborgenen<\/h3>\n        <div class=\"image-text__text wysiwyg color-text-grey\">\n            <p>In dieser eindrucksvollen Fotoausstellung nimmt uns Naturfotograf Julius Kramer mit in das verborgene Leben der Luchse im Bayerischen Wald. \u00dcber zehn Jahre lang hat er mit viel Geduld, Intuition und Kamerafallen einzigartige Einblicke in das Leben der scheuen Wildtiere gesammelt. Die Aufnahmen zeigen nicht nur die Sch\u00f6nheit und Anmut des Luchses, sondern machen auch auf die Bedrohungen aufmerksam, denen er ausgesetzt ist \u2013 von illegaler T\u00f6tung bis zum Verlust seines Lebensraums. Die Ausstellung ist eine Hommage an ein faszinierendes Tier und ein Aufruf zum Schutz unserer heimischen Wildtiere.<\/p>\n<p>&nbsp;<\/p>\n<p><strong>Opening hours:<\/strong><\/p>\n<p>5. Mai bis 31. Oktober 2025,<br \/>\nMontag bis Sonntag<br \/>\n09:30 &#8211; 18:30 Uhr<\/p>\n<p>Eintritt: frei<\/p>\n<p>Alte S\u00e4ge, Gstatterboden<br \/>\n(neben Nationalpark Pavillon)<\/p>\n\n        <\/div>\n            <\/div>\n    <img decoding=\"async\" src=\"https:\/\/nationalpark-gesaeuse.at\/wp-content\/uploads\/Hauptfoto-fuer-Bewerbung.jpg\" alt=\"Julius Kramer (c), Luchs Ausstellung NP Ges\u00e4use\" class=\"image-text__image image-text__column\" loading=\"lazy\" \/>\n<\/div><\/section>\n\n<section id='lightpress__section--block_974f0d916a71a8e4f51ca8d49e1b6fa0' class='lightpress__section lightpress__section--image-text lightpress__section--full_width lightpress__section--'><div class=\"image-text image-text--mirrored\">\n    <div class=\"image-text__content image-text__column\">\n        <p class=\"image-text__subtitle\">Gemeindeamt, Admont<\/p>\n        <h3 class=\"image-text__title uppercase color-text-darker\">Der Bau der Ges\u00e4usestra\u00dfe<\/h3>\n        <div class=\"image-text__text wysiwyg color-text-grey\">\n            <p>Ab sofort hat man die M\u00f6glichkeit, im Gemeindeamt Admont einen Teil der Geschichte des Ges\u00e4uses hautnah zu erleben \u2013 Fotografien vom Bau der Ges\u00e4usestra\u00dfe aus den 30er-Jahren des vergangenen Jahrhunderts.<br \/>\nDie Geschichte einer Region spiegelt sich oft in den Stra\u00dfen wider, die durch sie f\u00fchren. Jede Br\u00fccke, jede Kurve und jeder Meter erz\u00e4hlen von Entschlossenheit, Ingenieurskunst und dem unerm\u00fcdlichen Streben nach Fortschritt. Es ist daher keine \u00dcberraschung, dass die Foto-Ausstellung historischer Bilder zum Bau der Ges\u00e4use-Stra\u00dfe nicht nur eine Hommage an die technischen Pioniere der Vergangenheit ist, sondern auch ein Fenster in die aufregende Entwicklung einer der beeindruckendsten Stra\u00dfen Europas.<\/p>\n<p><strong>Opening hours:<\/strong><\/p>\n<p>Montag bis Freitag<br \/>\n08:00 &#8211; 12:00 Uhr<\/p>\n<p>Eintritt: frei<\/p>\n<p>Hauptstra\u00dfe 36, 8911 Admont<\/p>\n\n        <\/div>\n            <\/div>\n    <img decoding=\"async\" src=\"https:\/\/nationalpark-gesaeuse.at\/wp-content\/uploads\/npg2024_mask_ausstellung_22b-scaled.jpg\" alt=\"Bau Ges\u00e4usestra\u00dfe\" class=\"image-text__image image-text__column\" loading=\"lazy\" \/>\n<\/div><\/section>\n\n<section id='lightpress__section--block_ac8186fcdaaba28be2a01b152667d913' class='lightpress__section lightpress__section--image-text lightpress__section--full_width lightpress__section--'><div class=\"image-text\">\n    <div class=\"image-text__content image-text__column\">\n        <p class=\"image-text__subtitle\">Eichelau, Admont<\/p>\n        <h3 class=\"image-text__title uppercase color-text-darker\">Der Luchs Trail<\/h3>\n        <div class=\"image-text__text wysiwyg color-text-grey\">\n            <p data-start=\"155\" data-end=\"479\">Auf 220 Kilometern f\u00fchrt der Luchs Trail in 11 Etappen durch drei Bundesl\u00e4nder und Schutzgebiete \u2013 vom Nationalpark Kalkalpen \u00fcber das Ges\u00e4use bis nach Lunz am See. Eine Wanderung durch die wilde Mitte \u00d6sterreichs \u2013 und ein stiller Appell f\u00fcr den Schutz der Alpenluchse.<\/p>\n<p data-start=\"481\" data-end=\"784\">Die Naturfotografen <strong>Christine Sonvilla<\/strong> and <strong>Marc Graf<\/strong> dokumentieren in ihrer Ausstellung eindrucksvoll die Sch\u00f6nheit des Trails und die Bedrohung seiner stillen Hauptfigur: Nur wenige Luchse leben noch in der Region. Mit ihren Bildern machen sie sichtbar, was es zu bewahren gilt \u2013 auf Schritt und Tritt.<\/p>\n<p data-start=\"481\" data-end=\"784\">\n<p><strong>Opening hours:<\/strong><br \/>\nMai &#8211; Oktober 2024<\/p>\n<p>Eintritt: frei<\/p>\n<p>&nbsp;<\/p>\n<p>Eichelau, Admont<\/p>\n\n        <\/div>\n            <\/div>\n    <img decoding=\"async\" src=\"https:\/\/nationalpark-gesaeuse.at\/wp-content\/uploads\/Bildtafel_BGW_Luchstrail_073_c_ServusTV_Sonvilla-Graf_klein-scaled.jpg\" alt=\"Marc Graf, Christine Sonvilla (c), Luchstrail\" class=\"image-text__image image-text__column\" loading=\"lazy\" \/>\n<\/div><\/section>\n\n<section id='lightpress__section--block_ec76b17417b52fde96b247a70db58b67' class='lightpress__section lightpress__section--image lightpress__section--full_width lightpress__section--'>                        <img decoding=\"async\" src=\"https:\/\/nationalpark-gesaeuse.at\/wp-content\/uploads\/BMK_Foerderleiste_LE14-20-ELER_Farbe_DE-1.png\" alt=\"\" \/>\n<\/section>\n\n<section id='lightpress__section--block_0b67527c38a68d024e6f59f394166ef1' class='lightpress__section lightpress__section--headline lightpress__section--full_width lightpress__section--'><div class=\"headline\">\n    <h2 class=\"headline__title uppercase color-headline-light\">Exhibitions<\/h2>\n    <hr class=\"headline__rule\">\n    <\/div>\n<\/section>\n\n<section id='lightpress__section--block_fe974384eb8e7ae4a8f84bc599d8cd7c' class='lightpress__section lightpress__section--image-text lightpress__section--full_width lightpress__section--'><div class=\"image-text\">\n    <div class=\"image-text__content image-text__column\">\n        <p class=\"image-text__subtitle\">At the National Park Pavilion, Gstatterboden<\/p>\n        <h3 class=\"image-text__title uppercase color-text-darker\">The Planspitze - mountain of contrasts<\/h3>\n        <div class=\"image-text__text wysiwyg color-text-grey\">\n            <p>\"The Planspitze - Mountain of Contrasts\" focuses on the Planspitze mountain massif towering over Gstatterboden with its many facets and contrasts. As a visitor, you can experience the Planspitze up close and personal as a representative of the mountain scenery of the Hochtor Group. (<a href=\"https:\/\/nationalpark-gesaeuse.at\/wp-content\/uploads\/Planspitze-2023.pdf\">Discover more<\/a>) <\/p>\n<p><strong><br \/>\n<strong>Opening hours:<\/strong><\/strong><\/p>\n<p>1st of May to 31st of October: Tuesday to Sunday, 10:00 to 18:00 o\u2019clock<\/p>\n<p>Free entrance!<\/p>\n<p>National Park Pavilion<br \/>\nGstatterboden 25<br \/>\n8913 Gstatterboden<br \/>\n+43 664 8252313<\/p>\n\n        <\/div>\n                    <a href=\"https:\/\/nationalpark-gesaeuse.at\/en\/national-park-enclosures\/briefly-and-succinctly-2\/\"               class=\"image-text__link button button--dark\">\n                Highlights\n            <\/a>\n            <\/div>\n    <img decoding=\"async\" src=\"https:\/\/nationalpark-gesaeuse.at\/wp-content\/uploads\/Andreas-Hollinger-13368ab_NPG.jpg\" alt=\"Andreas Hollinger-13368ab_NPG\" class=\"image-text__image image-text__column\" loading=\"lazy\" \/>\n<\/div><\/section>\n\n<section id='lightpress__section--block_f6f5b213346a6d800b929eee73efb81e' class='lightpress__section lightpress__section--image-text lightpress__section--full_width lightpress__section--'><div class=\"image-text image-text--mirrored\">\n    <div class=\"image-text__content image-text__column\">\n        <p class=\"image-text__subtitle\">In the Silvanum forestry museum, Gro\u00dfreifling<\/p>\n        <h3 class=\"image-text__title uppercase color-text-darker\">Exhibition at the Silvanum Forestry Museum<\/h3>\n        <div class=\"image-text__text wysiwyg color-text-grey\">\n            <p>The world's first true macro nature film \"Papilo - The Secret of the Green Time Capsule\" takes you into a realm that is otherwise barely visible to the naked eye: It was possible to bring motifs with a size of only 1mm format-filling to FULL HD. The duration of the film is 20min.<\/p>\n<p>The 3D projection \"The Future is Wild\" asks questions: What does wild actually mean? What do we feel when we think of wilderness?<br \/>\n<br \/>\n<strong>Opening hours<\/strong>:\u00a0<\/p>\n<p>May-October Wednesday-Sunday 10am-12pm and 1pm-5pm<\/p>\n<p>Austrian Forestry Museum Silvanum<\/p>\n<p>Gro\u00dfreifling 33<\/p>\n<p>8931 Landl<\/p>\n<p>+43 3633 220116<\/p>\n\n        <\/div>\n            <\/div>\n    <img decoding=\"async\" src=\"https:\/\/nationalpark-gesaeuse.at\/wp-content\/uploads\/Forstmuseum_c-Stefan-Leitner_Gesaeuse_6.jpg\" alt=\"Forestry Museum_c-Stefan Leitner_Gesaeuse_6\" class=\"image-text__image image-text__column\" loading=\"lazy\" \/>\n<\/div><\/section>\n\n<section id='lightpress__section--block_8de58b8a58e553d165521402bbac15e6' class='lightpress__section lightpress__section--image-text lightpress__section--full_width lightpress__section--'><div class=\"image-text\">\n    <div class=\"image-text__content image-text__column\">\n        <p class=\"image-text__subtitle\">In the Natural History Museum, Admont<\/p>\n        <h3 class=\"image-text__title uppercase color-text-darker\">Passion for nature<\/h3>\n        <div class=\"image-text__text wysiwyg color-text-grey\">\n            <p>Only 7 km lie between Admont Abbey and the Ges\u00e4use entrance. In his day, Father Gabriel Strobl took advantage of Admont's geographic location for extended hikes and established a local tradition of nature research that continues today with the public research mission of the Ges\u00e4use National Park.<\/p>\n<p>What could be more obvious than to implement these commonalities in the form of a practical cooperation! The exhibition does not explain the nature of the National Park. Rather, the visitors' attention is drawn to current research personalities and a few small but fine gems.<br \/>\n<br \/>\n<a href=\"https:\/\/stiftadmont.at\/veranstaltungen\/14902\/\">Opening hours<\/a> and <a href=\"https:\/\/nationalpark-gesaeuse.at\/wp-content\/uploads\/Leidenschaft-f-Natur-2023.pdf\" rel=\"noopener\" target=\"_blank\">more info<\/a><\/p>\n\n        <\/div>\n            <\/div>\n    <img decoding=\"async\" src=\"https:\/\/nationalpark-gesaeuse.at\/wp-content\/uploads\/Museumspicknick_c-Thomas-Sattler_Gesaeuse_0008.jpg\" alt=\"Museum picnic_c-Thomas Sattler_Gesaeuse_0008\" class=\"image-text__image image-text__column\" loading=\"lazy\" \/>\n<\/div><\/section>\n\n<section id='lightpress__section--block_5aa4d9ac23dcb59a85913d381ed73e4b' class='lightpress__section lightpress__section--spacer lightpress__section--full_width lightpress__section--'><div style=\"margin-bottom: 100px\">\n    <\/div><\/section>\n\n<section id='lightpress__section--block_5aa4d9ac23dcb59a85913d381ed73e4b' class='lightpress__section lightpress__section--spacer lightpress__section--full_width lightpress__section--'><div style=\"margin-bottom: 100px\">\n    <\/div><\/section>","protected":false},"excerpt":{"rendered":"","protected":false},"author":3,"featured_media":0,"parent":263,"menu_order":1,"comment_status":"closed","ping_status":"closed","template":"","meta":{"_acf_changed":false,"footnotes":""},"class_list":["post-856","page","type-page","status-publish","hentry"],"acf":[],"_links":{"self":[{"href":"https:\/\/nationalpark-gesaeuse.at\/en\/wp-json\/wp\/v2\/pages\/856","targetHints":{"allow":["GET"]}}],"collection":[{"href":"https:\/\/nationalpark-gesaeuse.at\/en\/wp-json\/wp\/v2\/pages"}],"about":[{"href":"https:\/\/nationalpark-gesaeuse.at\/en\/wp-json\/wp\/v2\/types\/page"}],"author":[{"embeddable":true,"href":"https:\/\/nationalpark-gesaeuse.at\/en\/wp-json\/wp\/v2\/users\/3"}],"replies":[{"embeddable":true,"href":"https:\/\/nationalpark-gesaeuse.at\/en\/wp-json\/wp\/v2\/comments?post=856"}],"version-history":[{"count":3,"href":"https:\/\/nationalpark-gesaeuse.at\/en\/wp-json\/wp\/v2\/pages\/856\/revisions"}],"predecessor-version":[{"id":17609,"href":"https:\/\/nationalpark-gesaeuse.at\/en\/wp-json\/wp\/v2\/pages\/856\/revisions\/17609"}],"up":[{"embeddable":true,"href":"https:\/\/nationalpark-gesaeuse.at\/en\/wp-json\/wp\/v2\/pages\/263"}],"wp:attachment":[{"href":"https:\/\/nationalpark-gesaeuse.at\/en\/wp-json\/wp\/v2\/media?parent=856"}],"curies":[{"name":"wp","href":"https:\/\/api.w.org\/{rel}","templated":true}]}}