{"id":3419,"date":"2020-12-09T11:00:10","date_gmt":"2020-12-09T09:00:10","guid":{"rendered":"http:\/\/nationalpark-gesaeuse.at\/?page_id=3419"},"modified":"2026-03-25T15:13:30","modified_gmt":"2026-03-25T13:13:30","slug":"night-sky","status":"publish","type":"page","link":"https:\/\/nationalpark-gesaeuse.at\/en\/nationalpark-gesaeuse\/naturphaenomene\/sternenhimmel\/","title":{"rendered":"Night sky"},"content":{"rendered":"<section id='lightpress__section--block_ac9cfd26ef9859b6969d2880ab1d6d48' class='lightpress__section lightpress__section--headline lightpress__section--full_width lightpress__section--'><div class=\"headline\">\n    <h2 class=\"headline__title uppercase color-headline-light\">Night sky<\/h2>\n    <hr class=\"headline__rule\">\n    <\/div>\n<\/section>\n\n<section id='lightpress__section--block_0cc1027f1639a868fce4e68124dd92e3' class='lightpress__section lightpress__section--text lightpress__section--full_width lightpress__section--'>    <div><p>The Ges\u00e4use owes its dark starry sky to its geographical location, because Austria's largest cities Vienna, Graz, Salzburg and Linz are quite far away from the Ges\u00e4use. It lies, so to speak, exactly in the dark middle between these metropolises.<\/p>\n<p>Admittedly, it rains more often in the Ges\u00e4use. The average annual precipitation ranges from 1162 mm in Admont to 1584 mm in Hieflau, but when the sky is clear and cloudless, the stars shine with a clarity that can only be found in very few places in Central Europe. 6000 stars are visible to the naked eye. A look at the light pollution map illustrates the special location of the Ges\u00e4use: <a href=\"http:\/\/www.lightpollutionmap.info\">www.lightpollutionmap.info<\/a>.<\/p>\n<p>&nbsp;<\/p>\n<p>Die Nacht ist allerdings f\u00fcr viele Wildtiere eine sehr sensible Zeit: Nur in der Dunkelheit k\u00f6nnen sie sich ungest\u00f6rt in ihrem Lebensraum bewegen. Unsere G\u00e4ste bitten wir, nachts von Touren ins Gel\u00e4nde abzusehen. Besonders gut erleben l\u00e4sst sich der Sternenhimmel im Ges\u00e4use rund um das <a href=\"https:\/\/www.google.com\/maps\/place\/Nationalpark+Ges%C3%A4use:+Erlebniszentrum+Weidendom\/@47.5813631,14.5892298,17z\/data=!3m1!4b1!4m5!3m4!1s0x47719a5e9a005de3:0xef901b26b8968e0d!8m2!3d47.5813595!4d14.5914185\" target=\"_blank\" rel=\"noopener\">National Park Centre Willow Dome<\/a> in front of the impressive backdrop of the Hochtor group, in the back Johnsbachtal valley <a href=\"https:\/\/www.google.com\/maps\/place\/K%C3%B6lblwirt+Johnsbach\/@47.5304723,14.6155044,16z\/data=!4m17!1m6!3m5!1s0x47719a5e9a005de3:0xef901b26b8968e0d!2sNationalpark+Ges%C3%A4use:+Erlebniszentrum+Weidendom!8m2!3d47.5813595!4d14.5914185!3m9!1s0x477197457bed1e7f:0x57afd1026864c64d!5m2!4m1!1i2!8m2!3d47.531581!4d14.6135357!9m1!1b1\" target=\"_blank\" rel=\"noopener\">e.g. K\u00f6lblwirt<\/a>\u00a0oder am <a href=\"https:\/\/www.google.com\/maps\/place\/Parkplatz\/@47.6100163,14.5443827,14z\/data=!4m12!1m6!3m5!1s0x47719a5e9a005de3:0xef901b26b8968e0d!2sNationalpark+Ges%C3%A4use:+Erlebniszentrum+Weidendom!8m2!3d47.5813595!4d14.5914185!3m4!1s0x47719d069e37a72d:0xa7118f59040125f6!8m2!3d47.610579!4d14.5149323\" target=\"_blank\" rel=\"noopener\">Buchau alpine pass<\/a> (Parkplatz mit Ausgangspunkt zur Grabneralm). Das sind leicht zu erreichende Ziele, um Wildtiere nicht zu st\u00f6ren.<\/p>\n<p>&nbsp;<\/p>\n<p><strong>Im S\u00fcden der Bundesl\u00e4nder Ober\u00f6sterreich und Nieder\u00f6sterreich sowie im Norden der Steiermark wurde am 17. M\u00e4rz 2026 das &#8222;Naturnachtgebiet Eisenwurzen&#8220; unter Schutz gestellt und von <a href=\"https:\/\/darksky.org\/\">Dark Sky International<\/a> zertifiziert. Alle Infos dazu findet man <a href=\"https:\/\/naturnacht.eisenwurzen.com\/\">hier:<\/a><\/strong><\/p>\n<p>&nbsp;<\/p>\n<\/div>\n\n    <\/section>\n\n<section id='lightpress__section--block_70cc1f536e14a8c4d3ef74dc47b1f9b9' class='lightpress__section lightpress__section--image lightpress__section--full_width lightpress__section--'>                        <img decoding=\"async\" src=\"https:\/\/nationalpark-gesaeuse.at\/wp-content\/uploads\/Andi-Hollinger_AH19470.jpg\" alt=\"Nachthimmel mit Logos\" \/>\n<\/section>\n\n<section id='lightpress__section--block_d3f6775017206ad9d2dfa7629b5127bf' class='lightpress__section lightpress__section--headline lightpress__section--full_width lightpress__section--'><div class=\"headline\">\n    <h2 class=\"headline__title uppercase color-headline-light\">Further Informations<\/h2>\n    <hr class=\"headline__rule\">\n            <div class=\"headline__text color-text-grey\"><p>Hier finden Sie passende Veranstaltungen, bei welchen Sie mehr \u00fcber die Besonderheiten des Sternenhimmels im Nationalpark Ges\u00e4use erfahren k\u00f6nnen.<\/p>\n<\/div>\n    <\/div>\n<\/section>\n\n<section id='lightpress__section--block_fc96f0244611b9cd6b5dda1b11d1876c' class='lightpress__section lightpress__section--feratel-integration lightpress__section--full_width lightpress__section--'>    <div id=\"block_fc96f0244611b9cd6b5dda1b11d1876c\" style=\"min-height: 300px\"><\/div>\n\n\n<\/section>","protected":false},"excerpt":{"rendered":"","protected":false},"author":3,"featured_media":0,"parent":89,"menu_order":6,"comment_status":"closed","ping_status":"closed","template":"","meta":{"_acf_changed":false,"footnotes":""},"class_list":["post-3419","page","type-page","status-publish","hentry"],"acf":[],"_links":{"self":[{"href":"https:\/\/nationalpark-gesaeuse.at\/en\/wp-json\/wp\/v2\/pages\/3419","targetHints":{"allow":["GET"]}}],"collection":[{"href":"https:\/\/nationalpark-gesaeuse.at\/en\/wp-json\/wp\/v2\/pages"}],"about":[{"href":"https:\/\/nationalpark-gesaeuse.at\/en\/wp-json\/wp\/v2\/types\/page"}],"author":[{"embeddable":true,"href":"https:\/\/nationalpark-gesaeuse.at\/en\/wp-json\/wp\/v2\/users\/3"}],"replies":[{"embeddable":true,"href":"https:\/\/nationalpark-gesaeuse.at\/en\/wp-json\/wp\/v2\/comments?post=3419"}],"version-history":[{"count":3,"href":"https:\/\/nationalpark-gesaeuse.at\/en\/wp-json\/wp\/v2\/pages\/3419\/revisions"}],"predecessor-version":[{"id":17640,"href":"https:\/\/nationalpark-gesaeuse.at\/en\/wp-json\/wp\/v2\/pages\/3419\/revisions\/17640"}],"up":[{"embeddable":true,"href":"https:\/\/nationalpark-gesaeuse.at\/en\/wp-json\/wp\/v2\/pages\/89"}],"wp:attachment":[{"href":"https:\/\/nationalpark-gesaeuse.at\/en\/wp-json\/wp\/v2\/media?parent=3419"}],"curies":[{"name":"wp","href":"https:\/\/api.w.org\/{rel}","templated":true}]}}