{"id":291,"date":"2020-10-28T11:31:49","date_gmt":"2020-10-28T09:31:49","guid":{"rendered":"http:\/\/nationalpark-gesaeuse.at\/?page_id=291"},"modified":"2025-08-01T13:15:41","modified_gmt":"2025-08-01T11:15:41","slug":"gesaeuse-partner","status":"publish","type":"page","link":"https:\/\/nationalpark-gesaeuse.at\/en\/nationalpark-mitgestalten\/gesause-partner\/","title":{"rendered":"Ges\u00e4use Partners"},"content":{"rendered":"<section id='lightpress__section--block_839457d8dc1eb643e61311af743d4c0a' class='lightpress__section lightpress__section--headline lightpress__section--full_width lightpress__section--'><div class=\"headline\">\n    <h2 class=\"headline__title uppercase color-headline-light\">Ges\u00e4use Partners<\/h2>\n    <hr class=\"headline__rule\">\n    <\/div>\n<\/section>\n\n<section id='lightpress__section--block_857afb9ba2da9460bbdcc53f9f6ef294' class='lightpress__section lightpress__section--text lightpress__section--full_width lightpress__section--'>    <div><p><strong>A strong national park has strong partners!<\/strong><\/p>\n<p>&nbsp;<\/p>\n<p>The network National Park Partners was established in 2006 and unites different branches: from direct marketers and gastronomy to tradesmen, excursion providers and associations \u2013 the leading businesses of the area are brought together.  These partner companies are interested in cooperation (better together) and stand behind the values of Ges\u00e4use National Park.<\/p>\n<p>2017 haben sich die Nationalpark Partnerbetriebe und die Partnerbetriebe des benachbarten \u201eNatur- und Geopark Steirische Eisenwurzen\u201c zum Netzwerk der Ges\u00e4use Partnerbetriebe zusammengeschlossen. Mit im Boot ist seither auch der Tourismusverband Ges\u00e4use als Lizenzgeber f\u00fcr die regionale Dachmarke Ges\u00e4use. Seit 2023 ist auch das Wildnisgebiet D\u00fcrrenstein-Lassingtal als Tr\u00e4gerorganisation mit dabei.<\/p>\n<p>Ges\u00e4use Partner stehen f\u00fcr Regionalit\u00e4t, sowie Nachhaltigkeit und erf\u00fcllen strenge Qualit\u00e4tskriterien. Die Partner definieren sich \u00fcber das Thema Wertsch\u00e4tzung: Wertsch\u00e4tzung gegen\u00fcber der Region, dem Naturschutz und den Menschen und ihrer Identit\u00e4t. Das Netzwerk lebt von den Partnern, die sich diesem Netzwerk zugeh\u00f6rig f\u00fchlen und das Leben in der Region tagt\u00e4glich mitgestalten. Sie alle verbindet ein gemeinsamer, positiver Zukunftsgedanke:<\/p>\n<p><strong>\u201eWertsch\u00e4tzend f\u00fcr ein lebenswertes und zukunftsfittes Ges\u00e4use!\u201c<\/strong><\/p>\n<p>lautet die Devise.<\/p>\n<p>Mit Unterst\u00fctzung der <strong data-start=\"684\" data-end=\"704\">LEADER-F\u00f6rderung<\/strong> von Europ\u00e4ischer Union, Bund und Land Steiermark wird das Netzwerk <em data-start=\"772\" data-end=\"789\">Ges\u00e4use Partners<\/em> weiter gest\u00e4rkt und gemeinsam an einer lebenswerten und zukunftsfitten Region gearbeitet. Weitere Infos zum Projekt finden Sie<a href=\"https:\/\/www.steiermark.com\/download\/asset?id=6432935\"> here<\/a>.<\/p>\n<p>&nbsp;<\/p>\n<p>Further information about the network and the individual companies:<\/p>\n<\/div>\n\n    <\/section>\n\n<section id='lightpress__section--block_ace6c94498dee5cb8ef005751b684571' class='lightpress__section lightpress__section--image-text lightpress__section--full_width lightpress__section--'><div class=\"image-text\">\n    <div class=\"image-text__content image-text__column\">\n        <p class=\"image-text__subtitle\"><\/p>\n        <h3 class=\"image-text__title uppercase color-text-darker\">Ges\u00e4use Partners<\/h3>\n        <div class=\"image-text__text wysiwyg color-text-grey\">\n            \n        <\/div>\n                    <a href=\"https:\/\/partner.gesaeuse.at\/\" target=\"_blank\"               class=\"image-text__link button button--dark\">\n                The Ges\u00e4use Partners\n            <\/a>\n            <\/div>\n    <img decoding=\"async\" src=\"https:\/\/nationalpark-gesaeuse.at\/wp-content\/uploads\/GS_Partner_Logo.png\" alt=\"GS_Partner_Logo\" class=\"image-text__image image-text__column\" loading=\"lazy\" \/>\n<\/div><\/section>\n\n<section id='lightpress__section--block_0d704f4f06a283e188e1ffe5a777c5f1' class='lightpress__section lightpress__section--image lightpress__section--full_width lightpress__section--'>                        <img decoding=\"async\" src=\"https:\/\/nationalpark-gesaeuse.at\/wp-content\/uploads\/2_Foeg_Leiste_BundGAPSteiermark_RegionenEU_DE_2025_RGB-scaled.jpg\" alt=\"\" \/>\n<\/section>","protected":false},"excerpt":{"rendered":"","protected":false},"author":1,"featured_media":0,"parent":222,"menu_order":4,"comment_status":"closed","ping_status":"closed","template":"","meta":{"_acf_changed":false,"footnotes":""},"class_list":["post-291","page","type-page","status-publish","hentry"],"acf":[],"_links":{"self":[{"href":"https:\/\/nationalpark-gesaeuse.at\/en\/wp-json\/wp\/v2\/pages\/291","targetHints":{"allow":["GET"]}}],"collection":[{"href":"https:\/\/nationalpark-gesaeuse.at\/en\/wp-json\/wp\/v2\/pages"}],"about":[{"href":"https:\/\/nationalpark-gesaeuse.at\/en\/wp-json\/wp\/v2\/types\/page"}],"author":[{"embeddable":true,"href":"https:\/\/nationalpark-gesaeuse.at\/en\/wp-json\/wp\/v2\/users\/1"}],"replies":[{"embeddable":true,"href":"https:\/\/nationalpark-gesaeuse.at\/en\/wp-json\/wp\/v2\/comments?post=291"}],"version-history":[{"count":3,"href":"https:\/\/nationalpark-gesaeuse.at\/en\/wp-json\/wp\/v2\/pages\/291\/revisions"}],"predecessor-version":[{"id":17172,"href":"https:\/\/nationalpark-gesaeuse.at\/en\/wp-json\/wp\/v2\/pages\/291\/revisions\/17172"}],"up":[{"embeddable":true,"href":"https:\/\/nationalpark-gesaeuse.at\/en\/wp-json\/wp\/v2\/pages\/222"}],"wp:attachment":[{"href":"https:\/\/nationalpark-gesaeuse.at\/en\/wp-json\/wp\/v2\/media?parent=291"}],"curies":[{"name":"wp","href":"https:\/\/api.w.org\/{rel}","templated":true}]}}