{"id":272,"date":"2020-10-28T11:21:17","date_gmt":"2020-10-28T09:21:17","guid":{"rendered":"http:\/\/nationalpark-gesaeuse.at\/?page_id=272"},"modified":"2025-04-30T10:02:56","modified_gmt":"2025-04-30T08:02:56","slug":"where-to-sleep","status":"publish","type":"page","link":"https:\/\/nationalpark-gesaeuse.at\/en\/nationalpark-erleben\/uebernachten\/","title":{"rendered":"Where to sleep?"},"content":{"rendered":"<section id='lightpress__section--block_9a5184311b497d45ae49e9cead347e42' class='lightpress__section lightpress__section--headline lightpress__section--full_width lightpress__section--'><div class=\"headline\">\n    <h2 class=\"headline__title uppercase color-headline-light\">Where to sleep?<\/h2>\n    <hr class=\"headline__rule\">\n    <\/div>\n<\/section>\n\n<section id='lightpress__section--block_80420ad1fbaa3a976336c0caa26505c7' class='lightpress__section lightpress__section--image-text lightpress__section--full_width lightpress__section--'><div class=\"image-text\">\n    <div class=\"image-text__content image-text__column\">\n        <p class=\"image-text__subtitle\">In Gstatterboden<\/p>\n        <h3 class=\"image-text__title uppercase color-text-darker\">Nationalpark Ges\u00e4use Lodge<\/h3>\n        <div class=\"image-text__text wysiwyg color-text-grey\">\n            <p>Die Nationalpark Ges\u00e4use Lodge hat 76 Betten, aufgeteilt auf 14 Zimmer und ist der ideale Ausgangspunkt f\u00fcr den Nationalpark Ges\u00e4use. Egal ob Schulklassen, Gruppen, Paare oder auch Einzelpersonen, jeder ist willkommen!<\/p>\n<p>Betrieben wird sowohl die Lodge als auch der Pavillon in Gstatterboden von Thomas Nebl.<\/p>\n<p>&nbsp;<\/p>\n<p>Die Betriebszeiten sind f\u00fcr beide Betriebe gleich:<\/p>\n<p>&nbsp;<\/p>\n<p><strong> 25. April bis 26. Oktober 2025<\/strong><\/p>\n\n        <\/div>\n            <\/div>\n    <img decoding=\"async\" src=\"https:\/\/nationalpark-gesaeuse.at\/wp-content\/uploads\/2024_12_17-Andi-Hollinger-5754-scaled.jpg\" alt=\"Foto Lodge\" class=\"image-text__image image-text__column\" loading=\"lazy\" \/>\n<\/div><\/section>\n\n<section id='lightpress__section--block_a0992a143f9472c498014e205ac980df' class='lightpress__section lightpress__section--text lightpress__section--full_width lightpress__section--'>    <div><p>The region of Ges\u00e4use National Park is one of the most popular excursion and holiday destinations in Styria. Whether a cosy holiday apartment, hotel, guesthouse or family-run inn - the holiday region leaves nothing to be desired. <a href=\"http:\/\/nationalpark-gesaeuse.at\/en\/create-national-park\/gesaeuse-partner\/\">Ges\u00e4use Partners<\/a> companies are recommended for a recreative stay, because a visiting the national park begins with a suitable accommodation. The hosts are happy to provide information about the region and to cater to the individual needs of their guests.<\/p>\n<p>More information and booking: <a href=\"https:\/\/www.steiermark.com\/de\/Gesaeuse\/Urlaub-planen\/Unterkuenfte\" target=\"_blank\" rel=\"noopener\">Tourism Association Ges\u00e4use.<\/a><\/p>\n<\/div>\n\n    <\/section>","protected":false},"excerpt":{"rendered":"","protected":false},"author":1,"featured_media":0,"parent":226,"menu_order":6,"comment_status":"closed","ping_status":"closed","template":"","meta":{"_acf_changed":false,"footnotes":""},"class_list":["post-272","page","type-page","status-publish","hentry"],"acf":[],"_links":{"self":[{"href":"https:\/\/nationalpark-gesaeuse.at\/en\/wp-json\/wp\/v2\/pages\/272","targetHints":{"allow":["GET"]}}],"collection":[{"href":"https:\/\/nationalpark-gesaeuse.at\/en\/wp-json\/wp\/v2\/pages"}],"about":[{"href":"https:\/\/nationalpark-gesaeuse.at\/en\/wp-json\/wp\/v2\/types\/page"}],"author":[{"embeddable":true,"href":"https:\/\/nationalpark-gesaeuse.at\/en\/wp-json\/wp\/v2\/users\/1"}],"replies":[{"embeddable":true,"href":"https:\/\/nationalpark-gesaeuse.at\/en\/wp-json\/wp\/v2\/comments?post=272"}],"version-history":[{"count":3,"href":"https:\/\/nationalpark-gesaeuse.at\/en\/wp-json\/wp\/v2\/pages\/272\/revisions"}],"predecessor-version":[{"id":16975,"href":"https:\/\/nationalpark-gesaeuse.at\/en\/wp-json\/wp\/v2\/pages\/272\/revisions\/16975"}],"up":[{"embeddable":true,"href":"https:\/\/nationalpark-gesaeuse.at\/en\/wp-json\/wp\/v2\/pages\/226"}],"wp:attachment":[{"href":"https:\/\/nationalpark-gesaeuse.at\/en\/wp-json\/wp\/v2\/media?parent=272"}],"curies":[{"name":"wp","href":"https:\/\/api.w.org\/{rel}","templated":true}]}}