{"id":2599,"date":"2020-11-10T16:56:47","date_gmt":"2020-11-10T14:56:47","guid":{"rendered":"http:\/\/nationalpark-gesaeuse.at\/?page_id=2599"},"modified":"2024-03-29T14:55:44","modified_gmt":"2024-03-29T12:55:44","slug":"initiatives","status":"publish","type":"page","link":"https:\/\/nationalpark-gesaeuse.at\/en\/nationalpark-gesaeuse\/forschung-und-monitoring\/forschungsinitiativen\/","title":{"rendered":"Initiatives for natural environment"},"content":{"rendered":"<section id='lightpress__section--block_2ff5ca085cb30eab2fd62b8b62795b88' class='lightpress__section lightpress__section--headline lightpress__section--full_width lightpress__section--'><div class=\"headline\">\n    <h2 class=\"headline__title uppercase color-headline-light\">Initiatives for natural environments<\/h2>\n    <hr class=\"headline__rule\">\n            <div class=\"headline__text color-text-grey\"><p><strong>What we do with our partners<\/strong><br \/>\nNetworking with partners and national or international cooperations contributes significantly to the success of Ges\u00e4use National Park. Partnerships with neighbours as well as renowned universities are cultivated, providing both practical results and new approaches.<br \/>\nAmong others, sponsorships from the European Commission facilitate the protection of biological diversity as it is a concern that extends far beyond the boundaries of the national park.<\/p>\n<\/div>\n    <\/div>\n<\/section>\n\n<section id='lightpress__section--block_da55be2dd0ddcec31386d965ab7f9e2f' class='lightpress__section lightpress__section--image-text lightpress__section--full_width lightpress__section--'><div class=\"image-text image-text--mirrored\">\n    <div class=\"image-text__content image-text__column\">\n        <p class=\"image-text__subtitle\"><\/p>\n        <h3 class=\"image-text__title uppercase color-text-darker\">LTSER Research Platform Eisenwurzen<\/h3>\n        <div class=\"image-text__text wysiwyg color-text-grey\">\n            <p>The LTSER Research Platform Eisenwurzen is one of the few research programmes dealing with long-term environmental and ecosystem research put in a social context. <a href=\"https:\/\/www.lter-austria.at\/ltser-plattform-eisenwurzen-ew\/\" rel=\"noopener\" target=\"_blank\">here<\/a>.<\/p>\n\n        <\/div>\n            <\/div>\n    <img decoding=\"async\" src=\"https:\/\/nationalpark-gesaeuse.at\/wp-content\/uploads\/016_Nationalpark_Gesaeuse_Naturschutz_Ranger\u00a9StefanLeitner_NPG-min-e1646389605905.jpg\" alt=\"016_Nationalpark_Ges\u00e4use_Naturschutz_Ranger\u00a9StefanLeitner_NPG-min\" class=\"image-text__image image-text__column\" loading=\"lazy\" \/>\n<\/div><\/section>\n\n<section id='lightpress__section--block_4896a830bc0518c453f50b78111175c9' class='lightpress__section lightpress__section--image-text lightpress__section--full_width lightpress__section--'><div class=\"image-text\">\n    <div class=\"image-text__content image-text__column\">\n        <p class=\"image-text__subtitle\"><\/p>\n        <h3 class=\"image-text__title uppercase color-text-darker\">remote sensing - landscape change - Habitalp CC<\/h3>\n        <div class=\"image-text__text wysiwyg color-text-grey\">\n            <p>How has the landscape in the Ges\u00e4use changed within the last decades and how can this be expressed in figures and area shares? These questions are now being investigated in more detail in the Nature Conservation and Research Department. Through the area-wide documentation of landscape cover in the Ges\u00e4use National Park and the comparison with data and aerial photographs from an earlier period as part of the \"HabitAlp CC\" project, such changes can be precisely recorded and described. The <a href=\"https:\/\/webgis.nationalparksaustria.at\/portal\/apps\/storymaps\/stories\/d450832163e94dad954af525dbe77201\" rel=\"noopener\" target=\"_blank\">Landscape in Change<\/a> provides an interactive insight into the changes in the landscape of the Ges\u00e4use with modern cartography and historical and current photos.<\/p>\n\n        <\/div>\n            <\/div>\n    <img decoding=\"async\" src=\"https:\/\/nationalpark-gesaeuse.at\/wp-content\/uploads\/046_Nationalpark_Gesaeuse_Naturschutz_Ranger\u00a9StefanLeitner_NPG-min-e1641808111319.jpg\" alt=\"046_Nationalpark_Ges\u00e4use_Naturschutz_Ranger\u00a9StefanLeitner_NPG-min\" class=\"image-text__image image-text__column\" loading=\"lazy\" \/>\n<\/div><\/section>\n\n<section id='lightpress__section--block_64b96483d50d951b60b58308a32dd1b7' class='lightpress__section lightpress__section--downloads lightpress__section--full_width lightpress__section--'><div class=\"downloads\">\n    <div class=\"downloads__title-container\">\n        <h2 class=\"downloads__title uppercase\">FURTHER INFORMATIONS<\/h2>\n    <\/div>\n    <div class=\"downloads__files\">\n                    <style style=\"display: none\">.download{display:-webkit-box;display:-ms-flexbox;display:flex;-webkit-box-pack:justify;-ms-flex-pack:justify;justify-content:space-between;-webkit-box-align:center;-ms-flex-align:center;align-items:center;-webkit-box-sizing:border-box;box-sizing:border-box;padding:1em;border-radius:3px}.download__info{-ms-flex-wrap:nowrap;flex-wrap:nowrap}.download__info>*{display:inline-block}.download__title{font-size:1.1875rem;line-height:1em}.lightpress__body .download__filesize{margin-right:1em;font-size:.875rem;line-height:1em;opacity:.66}.download__link{color:var(--color-dark, black)}<\/style>\n\n<div class=\"download bg-light\">\n    <p class=\"download__title color-text-grey\">Remote sensing - landscape change - HabitALP CC - german only<\/p>\n    <div class=\"download__info\">\n                    <p class=\"download__filesize color-text-grey\">820.9 KB<\/p>\n                <a href=\"https:\/\/nationalpark-gesaeuse.at\/wp-content\/uploads\/LANDSCHAFTSWANDEL_HabitalpCC.PDF.pdf\" class=\"download__link\" download>\n            <i class=\"fal fa-download fa-lg\"><\/i>\n        <\/a>\n    <\/div>\n<\/div>            <\/div>\n<\/div><\/section>\n\n<section id='lightpress__section--block_54209486e153d0ff46081094ad86ee28' class='lightpress__section lightpress__section--image-text lightpress__section--full_width lightpress__section--'><div class=\"image-text image-text--mirrored\">\n    <div class=\"image-text__content image-text__column\">\n        <p class=\"image-text__subtitle\"><\/p>\n        <h3 class=\"image-text__title uppercase color-text-darker\">LIFE<\/h3>\n        <div class=\"image-text__text wysiwyg color-text-grey\">\n            <p>The \"LIFE\" renaturation project was a major impetus for nature conservation measures in the Ges\u00e4use National Park. Various renaturation measures were carried out in the national park, in the NATURA 2000 area \"Ennstaler Alpen - Ges\u00e4use\" and also in the adjacent area \"P\u00fcrgschachen Moos und ennsnahe Bereiche zwischen Selzthal und Ges\u00e4useeingang\".<\/p>\n\n        <\/div>\n            <\/div>\n    <img decoding=\"async\" src=\"https:\/\/nationalpark-gesaeuse.at\/wp-content\/uploads\/Weidendom-Umgebung_Stefan_Leitner_189_NPG-1.jpg\" alt=\"Willow Dome Environment_Stefan_Leitner_189_NPG (1)\" class=\"image-text__image image-text__column\" loading=\"lazy\" \/>\n<\/div><\/section>\n\n<section id='lightpress__section--block_9d247a06b3b0ef17a0af5fb916422019' class='lightpress__section lightpress__section--downloads lightpress__section--full_width lightpress__section--'><div class=\"downloads\">\n    <div class=\"downloads__title-container\">\n        <h2 class=\"downloads__title uppercase\">FURTHER INFORMATIONS<\/h2>\n    <\/div>\n    <div class=\"downloads__files\">\n                    <style style=\"display: none\">.download{display:-webkit-box;display:-ms-flexbox;display:flex;-webkit-box-pack:justify;-ms-flex-pack:justify;justify-content:space-between;-webkit-box-align:center;-ms-flex-align:center;align-items:center;-webkit-box-sizing:border-box;box-sizing:border-box;padding:1em;border-radius:3px}.download__info{-ms-flex-wrap:nowrap;flex-wrap:nowrap}.download__info>*{display:inline-block}.download__title{font-size:1.1875rem;line-height:1em}.lightpress__body .download__filesize{margin-right:1em;font-size:.875rem;line-height:1em;opacity:.66}.download__link{color:var(--color-dark, black)}<\/style>\n\n<div class=\"download bg-light\">\n    <p class=\"download__title color-text-grey\">LIFE Laymansreport English PDF<\/p>\n    <div class=\"download__info\">\n                    <p class=\"download__filesize color-text-grey\">4.4 MB<\/p>\n                <a href=\"https:\/\/nationalpark-gesaeuse.at\/wp-content\/uploads\/LIFE_Laymansreport.pdf\" class=\"download__link\" download>\n            <i class=\"fal fa-download fa-lg\"><\/i>\n        <\/a>\n    <\/div>\n<\/div>                    \n\n<div class=\"download bg-light\">\n    <p class=\"download__title color-text-grey\">LIFE Laienbericht Deutsch PDF<\/p>\n    <div class=\"download__info\">\n                    <p class=\"download__filesize color-text-grey\">14.3 MB<\/p>\n                <a href=\"https:\/\/nationalpark-gesaeuse.at\/wp-content\/uploads\/LIFE-LAIENBERICHT.pdf\" class=\"download__link\" download>\n            <i class=\"fal fa-download fa-lg\"><\/i>\n        <\/a>\n    <\/div>\n<\/div>            <\/div>\n<\/div><\/section>\n\n<section id='lightpress__section--block_7bbed206efc012eb6575474430959bc8' class='lightpress__section lightpress__section--image-text lightpress__section--full_width lightpress__section--'><div class=\"image-text\">\n    <div class=\"image-text__content image-text__column\">\n        <p class=\"image-text__subtitle\"><\/p>\n        <h3 class=\"image-text__title uppercase color-text-darker\">Luchsmonitoring Steiermark<\/h3>\n        <div class=\"image-text__text wysiwyg color-text-grey\">\n            <p>Um den aktuellen Status des Luchses in der Steiermark durch Fakten zu dokumentieren, haben sich unter der Leitung des Naturschutzzentrums Bruck an der Mur die Abteilungen 13 und 10 des Amtes der Steierm\u00e4rkischen Landesregierung, die Steirische Landesj\u00e4gerschaft, die Naturschutzakademie Steiermark sowie der Nationalpark Ges\u00e4use und der Nationalpark Kalkalpen in einem Projekt zusammengeschlossen. Das Monitoring wird von der Arbeitsgemeinschaft Gerngross &amp; Weingarth-Dachs durchgef\u00fchrt.<\/p>\n<p>Dabei werden in den Bezirken Liezen, Leoben und Bruck-M\u00fcrzzuschlag in enger Zusammenarbeit mit Grundbesitzer:innen und Jagdaus\u00fcbungsberechtigten und mit Unterst\u00fctzung durch das Technische B\u00fcro f\u00fcr Forst- und Jagdwirtschaft \u2013 Johann Frai\u00df, Wildkameras an systematisch ausgew\u00e4hlten Pl\u00e4tzen aufgestellt, um Fotos von Luchsen zu generieren. Mit diesen Bildern kann das Expert:innen-Team anhand der Fellmusterung einzelne Luchsindividuen best\u00e4tigen und ihre Anwesenheit r\u00e4umlich und zeitlich einordnen. Bis Ende 2024 wird so auf Basis dieser breiten Zusammenarbeit evidenzbasiert das Vorkommen des Luchses in der Steiermark dargestellt.<\/p>\n\n        <\/div>\n            <\/div>\n    <img decoding=\"async\" src=\"https:\/\/nationalpark-gesaeuse.at\/wp-content\/uploads\/Fotofalle_2.jpg\" alt=\"Phototrap_2\" class=\"image-text__image image-text__column\" loading=\"lazy\" \/>\n<\/div><\/section>\n\n<section id='lightpress__section--block_025ab4e1292d453b29b0023df4002359' class='lightpress__section lightpress__section--downloads lightpress__section--full_width lightpress__section--'><div class=\"downloads\">\n    <div class=\"downloads__title-container\">\n        <h2 class=\"downloads__title uppercase\">FURTHER INFORMATIONS<\/h2>\n    <\/div>\n    <div class=\"downloads__files\">\n                    <style style=\"display: none\">.download{display:-webkit-box;display:-ms-flexbox;display:flex;-webkit-box-pack:justify;-ms-flex-pack:justify;justify-content:space-between;-webkit-box-align:center;-ms-flex-align:center;align-items:center;-webkit-box-sizing:border-box;box-sizing:border-box;padding:1em;border-radius:3px}.download__info{-ms-flex-wrap:nowrap;flex-wrap:nowrap}.download__info>*{display:inline-block}.download__title{font-size:1.1875rem;line-height:1em}.lightpress__body .download__filesize{margin-right:1em;font-size:.875rem;line-height:1em;opacity:.66}.download__link{color:var(--color-dark, black)}<\/style>\n\n<div class=\"download bg-light\">\n    <p class=\"download__title color-text-grey\">Luchsmonitoring-Stmk-Projektbe&#8230;<\/p>\n    <div class=\"download__info\">\n                    <p class=\"download__filesize color-text-grey\">76.3 KB<\/p>\n                <a href=\"https:\/\/nationalpark-gesaeuse.at\/wp-content\/uploads\/Luchsmonitoring-Stmk-Projektbeschreibung.pdf\" class=\"download__link\" download>\n            <i class=\"fal fa-download fa-lg\"><\/i>\n        <\/a>\n    <\/div>\n<\/div>                    \n\n<div class=\"download bg-light\">\n    <p class=\"download__title color-text-grey\">Lynx booklet - german only<\/p>\n    <div class=\"download__info\">\n                    <p class=\"download__filesize color-text-grey\">3.7 MB<\/p>\n                <a href=\"https:\/\/nationalpark-gesaeuse.at\/wp-content\/uploads\/Luchsbroschuere-1.pdf\" class=\"download__link\" download>\n            <i class=\"fal fa-download fa-lg\"><\/i>\n        <\/a>\n    <\/div>\n<\/div>                    \n\n<div class=\"download bg-light\">\n    <p class=\"download__title color-text-grey\">FB 08 Lynx - english<\/p>\n    <div class=\"download__info\">\n                <a href=\"https:\/\/nationalpark-gesaeuse.at\/wp-content\/uploads\/\/FB08-Luchs.pdf\" class=\"download__link\" download>\n            <i class=\"fal fa-download fa-lg\"><\/i>\n        <\/a>\n    <\/div>\n<\/div>            <\/div>\n<\/div><\/section>\n\n<section id='lightpress__section--block_68dfbd8e77f323222ccb08d85a0593fb' class='lightpress__section lightpress__section--image-text lightpress__section--full_width lightpress__section--'><div class=\"image-text image-text--mirrored\">\n    <div class=\"image-text__content image-text__column\">\n        <p class=\"image-text__subtitle\"><\/p>\n        <h3 class=\"image-text__title uppercase color-text-darker\">Sources and creeks<\/h3>\n        <div class=\"image-text__text wysiwyg color-text-grey\">\n            <p>In recent years, Ges\u00e4use National Park has paid particular attention to the examination of springs and streams. In 2007 a so-called \u201cSpring Week\u201d was introduced and is now held annually. During that time international scientist focus on analysing the biodiversity of selected spring biotopes in the national park.<br \/>\nIn 2011 stream courses were added to the field of interest. Different sections of waters, moorland waters, ponds and lakes were analysed so far and we plan on holding \"Spring and Stream Week\" in the future as well. \nFurther information can be found in the annex. <\/p>\n\n        <\/div>\n            <\/div>\n    <img decoding=\"async\" src=\"https:\/\/nationalpark-gesaeuse.at\/wp-content\/uploads\/Hartelsgrabenc-Stefan-Leitner_Gesaeuse_4-min-e1641806954492.jpg\" alt=\"Hartelsgrabenc-Stefan Leitner_Gesaeuse_4-min\" class=\"image-text__image image-text__column\" loading=\"lazy\" \/>\n<\/div><\/section>\n\n<section id='lightpress__section--block_6268c9debb583889da42358cc690f9d7' class='lightpress__section lightpress__section--downloads lightpress__section--full_width lightpress__section--'><div class=\"downloads\">\n    <div class=\"downloads__title-container\">\n        <h2 class=\"downloads__title uppercase\">FURTHER INFORMATIONS<\/h2>\n    <\/div>\n    <div class=\"downloads__files\">\n                    <style style=\"display: none\">.download{display:-webkit-box;display:-ms-flexbox;display:flex;-webkit-box-pack:justify;-ms-flex-pack:justify;justify-content:space-between;-webkit-box-align:center;-ms-flex-align:center;align-items:center;-webkit-box-sizing:border-box;box-sizing:border-box;padding:1em;border-radius:3px}.download__info{-ms-flex-wrap:nowrap;flex-wrap:nowrap}.download__info>*{display:inline-block}.download__title{font-size:1.1875rem;line-height:1em}.lightpress__body .download__filesize{margin-right:1em;font-size:.875rem;line-height:1em;opacity:.66}.download__link{color:var(--color-dark, black)}<\/style>\n\n<div class=\"download bg-light\">\n    <p class=\"download__title color-text-grey\">Sources and creeks - german only<\/p>\n    <div class=\"download__info\">\n                    <p class=\"download__filesize color-text-grey\">571.1 KB<\/p>\n                <a href=\"https:\/\/nationalpark-gesaeuse.at\/wp-content\/uploads\/Quellen_PDF.pdf\" class=\"download__link\" download>\n            <i class=\"fal fa-download fa-lg\"><\/i>\n        <\/a>\n    <\/div>\n<\/div>            <\/div>\n<\/div><\/section>\n\n<section id='lightpress__section--block_c5740fdf016ad5be32825fa00c4932e3' class='lightpress__section lightpress__section--image-text lightpress__section--full_width lightpress__section--'><div class=\"image-text\">\n    <div class=\"image-text__content image-text__column\">\n        <p class=\"image-text__subtitle\"><\/p>\n        <h3 class=\"image-text__title uppercase color-text-darker\">days of biodiversity<\/h3>\n        <div class=\"image-text__text wysiwyg color-text-grey\">\n            <p>The GEO-Day of Biodiversity is an event which was initiated by the nature magazine \"GEO\" in 1999.  It takes place annually in Germany, Switzerland and Austria an aims at finding and documenting as many animal and plant species within 24 hours in a particular area as possible.<\/p>\n\n        <\/div>\n            <\/div>\n    <img decoding=\"async\" src=\"https:\/\/nationalpark-gesaeuse.at\/wp-content\/uploads\/052_Nationalpark_Gesaeuse_Naturschutz_Ranger\u00a9StefanLeitner_NPG-min-e1641807674189.jpg\" alt=\"052_Nationalpark_Ges\u00e4use_Naturschutz_Ranger\u00a9StefanLeitner_NPG-min\" class=\"image-text__image image-text__column\" loading=\"lazy\" \/>\n<\/div><\/section>\n\n<section id='lightpress__section--block_0f5660b967454a4daee3915c28730168' class='lightpress__section lightpress__section--downloads lightpress__section--full_width lightpress__section--'><div class=\"downloads\">\n    <div class=\"downloads__title-container\">\n        <h2 class=\"downloads__title uppercase\">FURTHER INFORMATIONS<\/h2>\n    <\/div>\n    <div class=\"downloads__files\">\n                    <style style=\"display: none\">.download{display:-webkit-box;display:-ms-flexbox;display:flex;-webkit-box-pack:justify;-ms-flex-pack:justify;justify-content:space-between;-webkit-box-align:center;-ms-flex-align:center;align-items:center;-webkit-box-sizing:border-box;box-sizing:border-box;padding:1em;border-radius:3px}.download__info{-ms-flex-wrap:nowrap;flex-wrap:nowrap}.download__info>*{display:inline-block}.download__title{font-size:1.1875rem;line-height:1em}.lightpress__body .download__filesize{margin-right:1em;font-size:.875rem;line-height:1em;opacity:.66}.download__link{color:var(--color-dark, black)}<\/style>\n\n<div class=\"download bg-light\">\n    <p class=\"download__title color-text-grey\">Days of biodiversity - german only<\/p>\n    <div class=\"download__info\">\n                    <p class=\"download__filesize color-text-grey\">508.5 KB<\/p>\n                <a href=\"https:\/\/nationalpark-gesaeuse.at\/wp-content\/uploads\/TAG_DER_ARTENVIELFALT_PDF.pdf\" class=\"download__link\" download>\n            <i class=\"fal fa-download fa-lg\"><\/i>\n        <\/a>\n    <\/div>\n<\/div>            <\/div>\n<\/div><\/section>\n\n<section id='lightpress__section--block_20586596d22d60a64a00bcb7668618b2' class='lightpress__section lightpress__section--image-text lightpress__section--full_width lightpress__section--'><div class=\"image-text\">\n    <div class=\"image-text__content image-text__column\">\n        <p class=\"image-text__subtitle\"><\/p>\n        <h3 class=\"image-text__title uppercase color-text-darker\">Network Natural Forests<\/h3>\n        <div class=\"image-text__text wysiwyg color-text-grey\">\n            <p>\"Protected areas are islands of biodiversity\"- a common phrase.   However, islands alone are not enough to preserve biodiversity as connecting these areas is essential.<br \/>\nThis realization has led to the establishment of the three internationally recognized large-scale protected areas: D\u00fcrrenstein Wilderness Area, Kalkalpen National Park and Ges\u00e4use National Park. <a href=\"https:\/\/www.netzwerk-naturwald.at\/\" rel=\"noopener\" target=\"_blank\">Network Natural Forests<\/a> offers you further information to the network and the resulting project <a href=\"http:\/\/luchstrail.at\" rel=\"noopener\" target=\"_blank\">Lynx Trail<\/a>.<\/p>\n\n        <\/div>\n            <\/div>\n    <img decoding=\"async\" src=\"https:\/\/nationalpark-gesaeuse.at\/wp-content\/uploads\/Nationalpark-Gesn\u0303use-2019_c-Stefan-Leitner_Gesaeuse_186.jpg\" alt=\"Ges\u00e4use National Park 2019_c-Stefan Leitner_Gesaeuse_186\" class=\"image-text__image image-text__column\" loading=\"lazy\" \/>\n<\/div><\/section>","protected":false},"excerpt":{"rendered":"","protected":false},"author":3,"featured_media":0,"parent":118,"menu_order":2,"comment_status":"closed","ping_status":"closed","template":"","meta":{"_acf_changed":false,"footnotes":""},"class_list":["post-2599","page","type-page","status-publish","hentry"],"acf":[],"_links":{"self":[{"href":"https:\/\/nationalpark-gesaeuse.at\/en\/wp-json\/wp\/v2\/pages\/2599","targetHints":{"allow":["GET"]}}],"collection":[{"href":"https:\/\/nationalpark-gesaeuse.at\/en\/wp-json\/wp\/v2\/pages"}],"about":[{"href":"https:\/\/nationalpark-gesaeuse.at\/en\/wp-json\/wp\/v2\/types\/page"}],"author":[{"embeddable":true,"href":"https:\/\/nationalpark-gesaeuse.at\/en\/wp-json\/wp\/v2\/users\/3"}],"replies":[{"embeddable":true,"href":"https:\/\/nationalpark-gesaeuse.at\/en\/wp-json\/wp\/v2\/comments?post=2599"}],"version-history":[{"count":3,"href":"https:\/\/nationalpark-gesaeuse.at\/en\/wp-json\/wp\/v2\/pages\/2599\/revisions"}],"predecessor-version":[{"id":16276,"href":"https:\/\/nationalpark-gesaeuse.at\/en\/wp-json\/wp\/v2\/pages\/2599\/revisions\/16276"}],"up":[{"embeddable":true,"href":"https:\/\/nationalpark-gesaeuse.at\/en\/wp-json\/wp\/v2\/pages\/118"}],"wp:attachment":[{"href":"https:\/\/nationalpark-gesaeuse.at\/en\/wp-json\/wp\/v2\/media?parent=2599"}],"curies":[{"name":"wp","href":"https:\/\/api.w.org\/{rel}","templated":true}]}}