{"id":222,"date":"2020-10-27T15:51:10","date_gmt":"2020-10-27T13:51:10","guid":{"rendered":"http:\/\/nationalpark-gesaeuse.at\/?page_id=222"},"modified":"2025-07-25T11:53:45","modified_gmt":"2025-07-25T09:53:45","slug":"create-national-park","status":"publish","type":"page","link":"https:\/\/nationalpark-gesaeuse.at\/en\/nationalpark-mitgestalten\/","title":{"rendered":"Create National Park"},"content":{"rendered":"<section id='lightpress__section--block_c06e1923e058bc0686a731cb032cff7f' class='lightpress__section lightpress__section--headline lightpress__section--full_width lightpress__section--'><div class=\"headline\">\n    <h2 class=\"headline__title uppercase color-headline-light\">Create National Park<\/h2>\n    <hr class=\"headline__rule\">\n    <\/div>\n<\/section>\n\n<section id='lightpress__section--block_a2e3eaceaa9da9ec9e398f99dea234d8' class='lightpress__section lightpress__section--image-text lightpress__section--full_width lightpress__section--'><div class=\"image-text\">\n    <div class=\"image-text__content image-text__column\">\n        <p class=\"image-text__subtitle\">Nobody knows the national park that well<\/p>\n        <h3 class=\"image-text__title uppercase color-text-darker\">National Park Ranger:inside<\/h3>\n        <div class=\"image-text__text wysiwyg color-text-grey\">\n            <p>What does a National Park Ranger do and what do National Park \"organs\" have to do with it? <\/p>\n\n        <\/div>\n                    <a href=\"http:\/\/nationalpark-gesaeuse.at\/en\/create-national-park\/ranger\/\"               class=\"image-text__link button button--dark\">\n                Discover more\n            <\/a>\n            <\/div>\n    <img decoding=\"async\" src=\"https:\/\/nationalpark-gesaeuse.at\/wp-content\/uploads\/100_Nationalpark\u00a9Stefan_Leitner-min-1-e1641809937218.jpg\" alt=\"100_National Park\u00a9Stefan_Leitner-min\" class=\"image-text__image image-text__column\" loading=\"lazy\" \/>\n<\/div><\/section>\n\n<section id='lightpress__section--block_73a993cd8fd0b82814f1bf30ec3de5cb' class='lightpress__section lightpress__section--image-text lightpress__section--full_width lightpress__section--'><div class=\"image-text image-text--mirrored\">\n    <div class=\"image-text__content image-text__column\">\n        <p class=\"image-text__subtitle\">Wo Gemeinschaft Gutes tut und die Natur verbindet<\/p>\n        <h3 class=\"image-text__title uppercase color-text-darker\">Nature conservation teamwork<\/h3>\n        <div class=\"image-text__text wysiwyg color-text-grey\">\n            <p>Klimawandel und Biodiversit\u00e4tsverlust betreffen uns alle. Daher m\u00f6chten viele verantwortungsbewusste und zukunftsorientierte Unternehmen im Rahmen von CSR\/CER &#8211; Corporate Social\/Environmental Responsibility &#8211; einen Beitrag f\u00fcr eine bessere Welt leisten. Das Ges\u00e4use bietet daf\u00fcr hervorragende M\u00f6glichkeiten.<\/p>\n\n        <\/div>\n                    <a href=\"https:\/\/www.steiermark.com\/de\/Gesaeuse\/Region\/Naturschutz-Teamwork\"               class=\"image-text__link button button--dark\">\n                Discover more\n            <\/a>\n            <\/div>\n    <img decoding=\"async\" src=\"https:\/\/nationalpark-gesaeuse.at\/wp-content\/uploads\/2024-06-10-14_44_51-GS_Teamwork_Folder.pdf-Foxit-PDF-Reader.png\" alt=\"Nature conservation teamwork\" class=\"image-text__image image-text__column\" loading=\"lazy\" \/>\n<\/div><\/section>\n\n<section id='lightpress__section--block_d9982b5531e17cb71a24d3213e12f0ed' class='lightpress__section lightpress__section--logo-image lightpress__section--full_width lightpress__section--'><div class=\"logo-image\">\n    <div class=\"logo-image__media\">\n        <img decoding=\"async\" src=\"https:\/\/nationalpark-gesaeuse.at\/wp-content\/uploads\/194_Nationalpark_Gesaeuse_2019\u00a9StefanLeitner-1024x683.jpg\" alt=\"194_Nationalpark_Ges\u00e4use_2019\u00a9StefanLeitner\" class=\"logo-image__image\" loading=\"lazy\" \/>\n    <\/div>\n\n    <div class=\"logo-image__inner\">\n        <div class=\"logo-image__content-wrapper\">\n            <div class=\"logo-image__content\">\n                <h2 class=\"logo-image__title uppercase color-text-darker\">PARTNER SCHOOLS AND KINDERGARTENS<\/h2>\n                <div class=\"logo-image__text-wrapper\">\n                    <div class=\"logo-image__text wysiwyg color-text-grey\"><p>Here you learn nature for life...<\/p>\n<\/div>\n                    <a href=\"http:\/\/nationalpark-gesaeuse.at\/en\/create-national-park\/partner-schools-and-kindergartens\/\"\n                       class=\"logo-image__link button button--dark\">\n                        Discover more\n                    <\/a>\n                <\/div>\n            <\/div>\n        <\/div>\n    <\/div>\n<\/div><\/section>\n\n<section id='lightpress__section--block_4340646c255aefac87452b7dbde62a24' class='lightpress__section lightpress__section--image-text lightpress__section--full_width lightpress__section--'><div class=\"image-text\">\n    <div class=\"image-text__content image-text__column\">\n        <p class=\"image-text__subtitle\">Partners in nature conservation<\/p>\n        <h3 class=\"image-text__title uppercase color-text-darker\">Ges\u00e4use Partners<\/h3>\n        <div class=\"image-text__text wysiwyg color-text-grey\">\n            <p>A strong national park has strong partners! In nature conservation and in regional development! <\/p>\n\n        <\/div>\n                    <a href=\"http:\/\/nationalpark-gesaeuse.at\/en\/create-national-park\/gesaeuse-partner\/\"               class=\"image-text__link button button--dark\">\n                Discover more\n            <\/a>\n            <\/div>\n    <img decoding=\"async\" src=\"https:\/\/nationalpark-gesaeuse.at\/wp-content\/uploads\/Nationalpark_Gesaeuse_Guhl_\u00a9StefanLeitner_com_020.jpg\" alt=\"National Park_Ges\u00e4use_Guhl_\u00a9StefanLeitner_com_020\" class=\"image-text__image image-text__column\" loading=\"lazy\" \/>\n<\/div><\/section>\n\n<section id='lightpress__section--block_60f1960406fd746e3f35d6bb7d38b32d' class='lightpress__section lightpress__section--logo-image lightpress__section--full_width lightpress__section--'><div class=\"logo-image\">\n    <div class=\"logo-image__media\">\n        <img decoding=\"async\" src=\"https:\/\/nationalpark-gesaeuse.at\/wp-content\/uploads\/Jugendbeirat_c-Thomas-Sattler-14-1-1024x683.jpg\" alt=\"Youth Advisory Council_c-Thomas-Sattler-14\" class=\"logo-image__image\" loading=\"lazy\" \/>\n    <\/div>\n\n    <div class=\"logo-image__inner\">\n        <div class=\"logo-image__content-wrapper\">\n            <div class=\"logo-image__content\">\n                <h2 class=\"logo-image__title uppercase color-text-darker\">YOUth FOR NATURE<\/h2>\n                <div class=\"logo-image__text-wrapper\">\n                    <div class=\"logo-image__text wysiwyg color-text-grey\"><p class=\"translation-block\">YOUth FOR NATURE is aimed at all nature-loving people who want to get involved in environmental projects and are between 15 and 29 years old. Together with like-minded people, you can initiate your own projects and implement them with the support of the Ges\u00e4use National Park. The Grazer Wechselseitiger and their youth brand \u201cGRAWE sidebyside\u201d provide the financial support.<\/p>\n<p>You want to join in?<\/p>\n<p class=\"translation-block\">Then get in touch with the national park at youthfornature@nationalpark-gesaeuse.at<\/p>\n<p>YOUth FOR NATURE replaces the former \"Jugendbeirat\" of the Ges\u00e4use National Park.<\/p>\n<\/div>\n                    <a href=\"http:\/\/nationalpark-gesaeuse.at\/en\/create-national-park\/jugendbeirat\/\"\n                       class=\"logo-image__link button button--dark\">\n                        Discover more\n                    <\/a>\n                <\/div>\n            <\/div>\n        <\/div>\n    <\/div>\n<\/div><\/section>","protected":false},"excerpt":{"rendered":"","protected":false},"author":1,"featured_media":0,"parent":0,"menu_order":0,"comment_status":"closed","ping_status":"closed","template":"","meta":{"_acf_changed":false,"footnotes":""},"class_list":["post-222","page","type-page","status-publish","hentry"],"acf":[],"_links":{"self":[{"href":"https:\/\/nationalpark-gesaeuse.at\/en\/wp-json\/wp\/v2\/pages\/222","targetHints":{"allow":["GET"]}}],"collection":[{"href":"https:\/\/nationalpark-gesaeuse.at\/en\/wp-json\/wp\/v2\/pages"}],"about":[{"href":"https:\/\/nationalpark-gesaeuse.at\/en\/wp-json\/wp\/v2\/types\/page"}],"author":[{"embeddable":true,"href":"https:\/\/nationalpark-gesaeuse.at\/en\/wp-json\/wp\/v2\/users\/1"}],"replies":[{"embeddable":true,"href":"https:\/\/nationalpark-gesaeuse.at\/en\/wp-json\/wp\/v2\/comments?post=222"}],"version-history":[{"count":3,"href":"https:\/\/nationalpark-gesaeuse.at\/en\/wp-json\/wp\/v2\/pages\/222\/revisions"}],"predecessor-version":[{"id":17158,"href":"https:\/\/nationalpark-gesaeuse.at\/en\/wp-json\/wp\/v2\/pages\/222\/revisions\/17158"}],"wp:attachment":[{"href":"https:\/\/nationalpark-gesaeuse.at\/en\/wp-json\/wp\/v2\/media?parent=222"}],"curies":[{"name":"wp","href":"https:\/\/api.w.org\/{rel}","templated":true}]}}