{"id":2196,"date":"2020-11-06T13:18:35","date_gmt":"2020-11-06T11:18:35","guid":{"rendered":"http:\/\/nationalpark-gesaeuse.at\/?page_id=2196"},"modified":"2023-03-13T16:45:16","modified_gmt":"2023-03-13T14:45:16","slug":"animals","status":"publish","type":"page","link":"https:\/\/nationalpark-gesaeuse.at\/en\/nationalpark-gesaeuse\/naturphaenomene\/tiere\/","title":{"rendered":"Animals"},"content":{"rendered":"<section id='lightpress__section--block_4dc17e64c4fe7767ee4da7914a6a1caf' class='lightpress__section lightpress__section--headline lightpress__section--full_width lightpress__section--'><div class=\"headline\">\n    <h2 class=\"headline__title uppercase color-headline-light\">Animals<\/h2>\n    <hr class=\"headline__rule\">\n    <\/div>\n<\/section>\n\n<section id='lightpress__section--block_cb61c781323fd234baa0874fd041e04a' class='lightpress__section lightpress__section--image-text lightpress__section--full_width lightpress__section--'><div class=\"image-text\">\n    <div class=\"image-text__content image-text__column\">\n        <p class=\"image-text__subtitle\">The summer visitor in the Ges\u00e4use<\/p>\n        <h3 class=\"image-text__title uppercase color-text-darker\">Common Sandpiper<\/h3>\n        <div class=\"image-text__text wysiwyg color-text-grey\">\n            <p>The common sandpiper<em>(Actitis hypoleucos)<\/em>is a migratory bird which spends its summers in Europe and Asia. As it is a very shy, easily disturbed when breeding and depending on rivers which are left in der natural state it has become rare in Austria. However, there are four to six breeding pairs that frequent their nesting area in the Ges\u00e4use National Park seasonally which make up the biggest population in Styria. As the birds strongly react to disturbances, especially in the breeding season between Mai and July, we kindly ask you to respect the trespassing bans.  With a bit of luck you can observe the common sandpipers from a distance and listen to his characteristic cry \u201cHididididi\u201d.<\/p>\n\n        <\/div>\n            <\/div>\n    <img decoding=\"async\" src=\"https:\/\/nationalpark-gesaeuse.at\/wp-content\/uploads\/Leander-Khil-Flussuferlaeufer_2011_05_NPG.jpg\" alt=\"Leander Khil Riverbank_2011_05_NPG\" class=\"image-text__image image-text__column\" loading=\"lazy\" \/>\n<\/div><\/section>\n\n<section id='lightpress__section--block_a81c398b2ad182bc0c58553227d79f18' class='lightpress__section lightpress__section--downloads lightpress__section--full_width lightpress__section--'><div class=\"downloads\">\n    <div class=\"downloads__title-container\">\n        <h2 class=\"downloads__title uppercase\">FURTHER INFORMATIONS<\/h2>\n    <\/div>\n    <div class=\"downloads__files\">\n                    <style style=\"display: none\">.download{display:-webkit-box;display:-ms-flexbox;display:flex;-webkit-box-pack:justify;-ms-flex-pack:justify;justify-content:space-between;-webkit-box-align:center;-ms-flex-align:center;align-items:center;-webkit-box-sizing:border-box;box-sizing:border-box;padding:1em;border-radius:3px}.download__info{-ms-flex-wrap:nowrap;flex-wrap:nowrap}.download__info>*{display:inline-block}.download__title{font-size:1.1875rem;line-height:1em}.lightpress__body .download__filesize{margin-right:1em;font-size:.875rem;line-height:1em;opacity:.66}.download__link{color:var(--color-dark, black)}<\/style>\n\n<div class=\"download bg-light\">\n    <p class=\"download__title color-text-grey\">FB 02 Flagship species - english<\/p>\n    <div class=\"download__info\">\n                <a href=\"https:\/\/nationalpark-gesaeuse.at\/wp-content\/uploads\/\/FB02 Flaggschiffarten.pdf\" class=\"download__link\" download>\n            <i class=\"fal fa-download fa-lg\"><\/i>\n        <\/a>\n    <\/div>\n<\/div>            <\/div>\n<\/div><\/section>\n\n<section id='lightpress__section--block_236a5cc98ee8f95e7ed99d1ce5c9a08e' class='lightpress__section lightpress__section--image-text lightpress__section--full_width lightpress__section--'><div class=\"image-text\">\n    <div class=\"image-text__content image-text__column\">\n        <p class=\"image-text__subtitle\">The king of the skies<\/p>\n        <h3 class=\"image-text__title uppercase color-text-darker\">Golden eagle<\/h3>\n        <div class=\"image-text__text wysiwyg color-text-grey\">\n            <p>The golden eagle (<em>Aquila chrysaetos<\/em>) also known as king of the air, is one of the most famous birds of prey. With a wingspan of more than two metres it offers a majestic sight. Speaking of sight: Did you know that an eagle is able to clearly see a mouse from a distance of about one kilometre?<br \/>\nTheir breeding time is between March and May. During this period our team spends numerous hours observing and monitoring the eagles to ensure the protection of the birds and their aeries. In the Ges\u00e4use National Park there are three breeding couples which raise a young one about every other year. With a bit of luck, you too will be able to spot the largest bird in the Ges\u00e4use National Park.<\/p>\n\n        <\/div>\n            <\/div>\n    <img decoding=\"async\" src=\"https:\/\/nationalpark-gesaeuse.at\/wp-content\/uploads\/Der-Steinadler-der-Koenig-der-Luefte_Marek_Herfried-scaled.jpg\" alt=\"The golden eagle the king of the airs\" class=\"image-text__image image-text__column\" loading=\"lazy\" \/>\n<\/div><\/section>\n\n<section id='lightpress__section--block_c5cf9642a6f99ce0eeccb32b2c7cfe2e' class='lightpress__section lightpress__section--image-text lightpress__section--full_width lightpress__section--'><div class=\"image-text\">\n    <div class=\"image-text__content image-text__column\">\n        <p class=\"image-text__subtitle\">The endemit\u00b4s superstar <\/p>\n        <h3 class=\"image-text__title uppercase color-text-darker\">Northern giant eye harvestmen<\/h3>\n        <div class=\"image-text__text wysiwyg color-text-grey\">\n            <p>The northern-giant-eye harvestmen <em>(Megabunus lesserti)<\/em> surely lives up to its name. Where arachnids in general have eight eyes, harvestmen rely upon two and in the case of this representative they are enormous in comparison to its body. The corpus of this endemic species is as small as a sunflower seed but its eight long legs make it a palm-sized climber. The vertical limestone cliffs between mount Lugauer and mount Buchstein are its home and when passing them a little patience and luck might be rewarded with a face to face encounter.<\/p>\n\n        <\/div>\n            <\/div>\n    <img decoding=\"async\" src=\"https:\/\/nationalpark-gesaeuse.at\/wp-content\/uploads\/N-Riesenauge_ChristianKomposch-scaled.jpg\" alt=\"N-GiantEye_ChristianKomposch\" class=\"image-text__image image-text__column\" loading=\"lazy\" \/>\n<\/div><\/section>\n\n<section id='lightpress__section--block_94760e106317f084f9f615e5081ae50f' class='lightpress__section lightpress__section--image-text lightpress__section--full_width lightpress__section--'><div class=\"image-text image-text--mirrored\">\n    <div class=\"image-text__content image-text__column\">\n        <p class=\"image-text__subtitle\">Survivors deep inside the mountain<\/p>\n        <h3 class=\"image-text__title uppercase color-text-darker\">Styrian northeastern alpine blind beetle<\/h3>\n        <div class=\"image-text__text wysiwyg color-text-grey\">\n            <p>It can survive exclusively in caves and is therefore perfectly adapted to life in the cold and dark: the Styrian northeastern alpine blind beetle <em>(Arctaphaenops angulipennis styriacus)<\/em> is blind, but has long tactile bristles on its body with which it can orient itself. Its name already reveals that it is also an endemic: its range extends only from the Ges\u00e4use over the D\u00fcrrenstein to the \u00d6tscher. Only in 2016 it was rediscovered in the Ges\u00e4use National Park after 80 years. Most cave animals are adapted to the very constant cave climate. Even slight fluctuations can therefore endanger their survival.<br \/>\nBy the way: to draw attention to the high conservation value of these special species, the Association of Austrian Speleologists has named the closely related Dachstein blind beetle <em>(A. angulipennis angulipennis)<\/em> even chosen as the cave animal of the year 2021!<\/p>\n\n        <\/div>\n            <\/div>\n    <img decoding=\"async\" src=\"https:\/\/nationalpark-gesaeuse.at\/wp-content\/uploads\/Beide-Steirischer-Nordostalpen-Blindkaefer_Arctaphaenops-angulipennis-styriacus_Steinkarhoehle_2016_Komposch-scaled.jpg\" alt=\"Both Styrian North-Eastern Alpine Blind Beetle_Arctaphaenops angulipennis styriacus_Steinkarh\u00f6hle_2016_Komposch\" class=\"image-text__image image-text__column\" loading=\"lazy\" \/>\n<\/div><\/section>\n\n<section id='lightpress__section--block_905b510d34ef722620dbf8198b9bc96d' class='lightpress__section lightpress__section--downloads lightpress__section--full_width lightpress__section--'><div class=\"downloads\">\n    <div class=\"downloads__title-container\">\n        <h2 class=\"downloads__title uppercase\">FURTHER INFORMATIONS<\/h2>\n    <\/div>\n    <div class=\"downloads__files\">\n                    <style style=\"display: none\">.download{display:-webkit-box;display:-ms-flexbox;display:flex;-webkit-box-pack:justify;-ms-flex-pack:justify;justify-content:space-between;-webkit-box-align:center;-ms-flex-align:center;align-items:center;-webkit-box-sizing:border-box;box-sizing:border-box;padding:1em;border-radius:3px}.download__info{-ms-flex-wrap:nowrap;flex-wrap:nowrap}.download__info>*{display:inline-block}.download__title{font-size:1.1875rem;line-height:1em}.lightpress__body .download__filesize{margin-right:1em;font-size:.875rem;line-height:1em;opacity:.66}.download__link{color:var(--color-dark, black)}<\/style>\n\n<div class=\"download bg-light\">\n    <p class=\"download__title color-text-grey\">FB 09 Endemics &#8211; englisch<\/p>\n    <div class=\"download__info\">\n                    <p class=\"download__filesize color-text-grey\">709.3 KB<\/p>\n                <a href=\"https:\/\/nationalpark-gesaeuse.at\/wp-content\/uploads\/FB09-Endemiten-englisch.pdf\" class=\"download__link\" download>\n            <i class=\"fal fa-download fa-lg\"><\/i>\n        <\/a>\n    <\/div>\n<\/div>            <\/div>\n<\/div><\/section>\n\n<section id='lightpress__section--block_80a74543ef3df517c5e03fe761b494e1' class='lightpress__section lightpress__section--image-text lightpress__section--full_width lightpress__section--'><div class=\"image-text\">\n    <div class=\"image-text__content image-text__column\">\n        <p class=\"image-text__subtitle\">Do Lynx have a chance?<\/p>\n        <h3 class=\"image-text__title uppercase color-text-darker\">Lynx<\/h3>\n        <div class=\"image-text__text wysiwyg color-text-grey\">\n            <p>Once upon a time, lynx (<em>Lynx lynx<\/em>) used to populate all the forests and steppes of Eurasia. Due to direct persecution the cats of prey were exterminated in Austria and almost all of Western Europe by 1900. Lynx have a short tail, characteristic tufts of black hair on the tips of their ears and life in richly structured woods which offer enough pray. They do not stay in open landscapes, settlements and mountainous landscapes permanently. Luckily, there still are extensive forests with a high wildlife stock in Austria. Lynx are solitary animals and claim a territory of 100 \u2013 250 km\u00b2 (10.000-25.000 ha) each. They travel long distances, often covering up to 40 km a night. Austria plays a major role in connecting the Carpathian lynx to the Central European individuals. The area of the northern Limestone Alps is not only a centre of biodiversity but also a corridor for genetic exchange between north and south, east and west.<\/p>\n\n        <\/div>\n            <\/div>\n    <img decoding=\"async\" src=\"https:\/\/nationalpark-gesaeuse.at\/wp-content\/uploads\/Herfired_Marek-T_00_118_Mar_NPG-min-scaled.jpg\" alt=\"Herfired_Marek-T_00_118_Mar_NPG-min\" class=\"image-text__image image-text__column\" loading=\"lazy\" \/>\n<\/div><\/section>\n\n<section id='lightpress__section--block_99466e1841d6bfdf76464664572f438d' class='lightpress__section lightpress__section--downloads lightpress__section--full_width lightpress__section--'><div class=\"downloads\">\n    <div class=\"downloads__title-container\">\n        <h2 class=\"downloads__title uppercase\">FURTHER INFORMATIONS<\/h2>\n    <\/div>\n    <div class=\"downloads__files\">\n                    <style style=\"display: none\">.download{display:-webkit-box;display:-ms-flexbox;display:flex;-webkit-box-pack:justify;-ms-flex-pack:justify;justify-content:space-between;-webkit-box-align:center;-ms-flex-align:center;align-items:center;-webkit-box-sizing:border-box;box-sizing:border-box;padding:1em;border-radius:3px}.download__info{-ms-flex-wrap:nowrap;flex-wrap:nowrap}.download__info>*{display:inline-block}.download__title{font-size:1.1875rem;line-height:1em}.lightpress__body .download__filesize{margin-right:1em;font-size:.875rem;line-height:1em;opacity:.66}.download__link{color:var(--color-dark, black)}<\/style>\n\n<div class=\"download bg-light\">\n    <p class=\"download__title color-text-grey\">FB 08 Lynx - english<\/p>\n    <div class=\"download__info\">\n                <a href=\"https:\/\/nationalpark-gesaeuse.at\/wp-content\/uploads\/\/FB08-Luchs.pdf\" class=\"download__link\" download>\n            <i class=\"fal fa-download fa-lg\"><\/i>\n        <\/a>\n    <\/div>\n<\/div>                    \n\n<div class=\"download bg-light\">\n    <p class=\"download__title color-text-grey\">Lynx brochure 2017<\/p>\n    <div class=\"download__info\">\n                    <p class=\"download__filesize color-text-grey\">3.7 MB<\/p>\n                <a href=\"https:\/\/nationalpark-gesaeuse.at\/wp-content\/uploads\/Luchsbroschuere-2017-lowres.pdf\" class=\"download__link\" download>\n            <i class=\"fal fa-download fa-lg\"><\/i>\n        <\/a>\n    <\/div>\n<\/div>            <\/div>\n<\/div><\/section>\n\n<section id='lightpress__section--block_d4c4485b122d3fd04bde2c7be3f7a894' class='lightpress__section lightpress__section--image-text lightpress__section--full_width lightpress__section--'><div class=\"image-text\">\n    <div class=\"image-text__content image-text__column\">\n        <p class=\"image-text__subtitle\">Feathered climber<\/p>\n        <h3 class=\"image-text__title uppercase color-text-darker\">Wallcreeper<\/h3>\n        <div class=\"image-text__text wysiwyg color-text-grey\">\n            <p>With a little luck this high alpine songbird <em>(Tichodroma muraria)<\/em> with its magnificent, bright red and white plumage can be observed in front of the steep rock faces and torrent gorges of the Ges\u00e4use National Park. Its fast wing beat and long pointed beak are reminiscent of a hummingbird. With its long toes and claws it finds a foothold even on steep rock faces and skilfully hops from one ledge to the next. There it searches for insects in grass tufts and rock crevices or reaches small caves and rock niches, which it uses as a safe place for its brood. These breeding sites are so well hidden in the extensive rock faces that they are often difficult to discover even by experienced observers.<\/p>\n\n        <\/div>\n            <\/div>\n    <img decoding=\"async\" src=\"https:\/\/nationalpark-gesaeuse.at\/wp-content\/uploads\/Hannah_Assil_Mauerlaeufer_5_NPG-scaled.jpg\" alt=\"Hannah_Assil_Wall_runner_(5)_NPG\" class=\"image-text__image image-text__column\" loading=\"lazy\" \/>\n<\/div><\/section>\n\n<section id='lightpress__section--block_706da528279893337c9ffe873bffa7f4' class='lightpress__section lightpress__section--headline lightpress__section--full_width lightpress__section--'><div class=\"headline\">\n    <h2 class=\"headline__title uppercase color-headline-light\">Further Informations<\/h2>\n    <hr class=\"headline__rule\">\n            <div class=\"headline__text color-text-grey\"><p>Here you will find suitable events at which you can experience the special features of the animals\u00b4 world in the Ges\u00e4use National Park. You can find more about our events in our <a href=\"https:\/\/nationalpark-gesaeuse.at\/en\/discover-national-park\/calendar\/\">Calendar<\/a>.<\/p>\n<\/div>\n    <\/div>\n<\/section>\n\n<section id='lightpress__section--block_15bfda7ba255d6196243bd3384539177' class='lightpress__section lightpress__section--feratel-integration lightpress__section--full_width lightpress__section--'>    <div id=\"block_15bfda7ba255d6196243bd3384539177\" style=\"min-height: 300px\"><\/div>\n\n\n<\/section>","protected":false},"excerpt":{"rendered":"","protected":false},"author":3,"featured_media":0,"parent":89,"menu_order":4,"comment_status":"closed","ping_status":"closed","template":"","meta":{"_acf_changed":false,"footnotes":""},"class_list":["post-2196","page","type-page","status-publish","hentry"],"acf":[],"_links":{"self":[{"href":"https:\/\/nationalpark-gesaeuse.at\/en\/wp-json\/wp\/v2\/pages\/2196","targetHints":{"allow":["GET"]}}],"collection":[{"href":"https:\/\/nationalpark-gesaeuse.at\/en\/wp-json\/wp\/v2\/pages"}],"about":[{"href":"https:\/\/nationalpark-gesaeuse.at\/en\/wp-json\/wp\/v2\/types\/page"}],"author":[{"embeddable":true,"href":"https:\/\/nationalpark-gesaeuse.at\/en\/wp-json\/wp\/v2\/users\/3"}],"replies":[{"embeddable":true,"href":"https:\/\/nationalpark-gesaeuse.at\/en\/wp-json\/wp\/v2\/comments?post=2196"}],"version-history":[{"count":3,"href":"https:\/\/nationalpark-gesaeuse.at\/en\/wp-json\/wp\/v2\/pages\/2196\/revisions"}],"predecessor-version":[{"id":15154,"href":"https:\/\/nationalpark-gesaeuse.at\/en\/wp-json\/wp\/v2\/pages\/2196\/revisions\/15154"}],"up":[{"embeddable":true,"href":"https:\/\/nationalpark-gesaeuse.at\/en\/wp-json\/wp\/v2\/pages\/89"}],"wp:attachment":[{"href":"https:\/\/nationalpark-gesaeuse.at\/en\/wp-json\/wp\/v2\/media?parent=2196"}],"curies":[{"name":"wp","href":"https:\/\/api.w.org\/{rel}","templated":true}]}}