{"id":1982,"date":"2020-11-05T15:53:09","date_gmt":"2020-11-05T13:53:09","guid":{"rendered":"http:\/\/nationalpark-gesaeuse.at\/?page_id=1982"},"modified":"2025-08-08T09:00:11","modified_gmt":"2025-08-08T07:00:11","slug":"national-park-pavillion-in-gstatterboden","status":"publish","type":"page","link":"https:\/\/nationalpark-gesaeuse.at\/en\/nationalpark-erleben\/besucherzentren\/nationalpark-pavillon-gstatterboden\/","title":{"rendered":"National Park Pavillion in Gstatterboden"},"content":{"rendered":"<section id='lightpress__section--block_06a2a61565bf5cf3c38d988d75771e24' class='lightpress__section lightpress__section--headline lightpress__section--full_width lightpress__section--'><div class=\"headline\">\n    <h2 class=\"headline__title uppercase color-headline-light\">National Park Pavillion in Gstatterboden<\/h2>\n    <hr class=\"headline__rule\">\n    <\/div>\n<\/section>\n\n<section id='lightpress__section--block_f99b9660e479329f4c60a5e140312450' class='lightpress__section lightpress__section--text lightpress__section--full_width lightpress__section--'>    <div><p>The building, which was completed in 2005, is located in the middle of Gstatterboden village, right next to the Ennstalbundesstra\u00dfe and only a few minutes' walk from the railway station. The <a href=\"https:\/\/gesaeuse.at\/unterkunft\/campingplatz-forstgarten\" target=\"_blank\" rel=\"noopener\">campsite \"Forstgarden\"<\/a>\u00a0is also within walking distance. Due to its central location, the National Park Pavillion is the perfect starting point for hikes to Ennstalerh\u00fctte lodge or Buchsteinhaus lodge and the mountainbike tour <a href=\"http:\/\/nationalpark-gesaeuse.at\/en\/discover-national-park\/activities\/cycling-and-mountainbiking\/\">Hochscheiben by Mountainbike.<\/a>. The building houses an information centre of the Ges\u00e4use National Park with a small shop and the <a href=\"http:\/\/nationalpark-gesaeuse.at\/en\/discover-national-park\/activities\/exhibitions\/\">Exhibition \"Planspitze - Mountain of Opposites\".<\/a><\/p>\n<p>&nbsp;<\/p>\n<p><strong>\u00d6ffnungszeiten Gastronomie, Infostelle und Ausstellung: <\/strong><\/p>\n<p>25. April bis 26. Oktober 07:30 &#8211; 18:30<\/p>\n<p>Kein Ruhetag!<\/p>\n<p>Kontakt: +436643461788<\/p>\n<p>&nbsp;<\/p>\n<p>W\u00e4hrend der \u00d6ffnungszeiten des Pavillons ist die Fotoausstellung in der Alten S\u00e4gehalle Gstatterboden frei begehbar!<\/p>\n<p>&nbsp;<\/p>\n<p>The pavilion is closed during the winter months (November - April).<\/p>\n<\/div>\n\n    <\/section>\n\n<section id='lightpress__section--block_151728e8630b528b4ebdcbf1881c149a' class='lightpress__section lightpress__section--image-text lightpress__section--full_width lightpress__section--'><div class=\"image-text image-text--mirrored\">\n    <div class=\"image-text__content image-text__column\">\n        <p class=\"image-text__subtitle\">Unser Tipp:<\/p>\n        <h3 class=\"image-text__title uppercase color-text-darker\">Heiraten im Nationalpark<\/h3>\n        <div class=\"image-text__text wysiwyg color-text-grey\">\n            <p>Wer den Bund f\u00fcrs Leben inmitten der Natur des Nationalparks schlie\u00dfen m\u00f6chte, kann folgende Angebote mutzen:<\/p>\n<p>&nbsp;<\/p>\n<p>Der Nationalpark Pavillon in Gstatterboden ist eine Au\u00dfenstelle des Standesamts Admont. Hier kann also standesamtlich geheiratet werden.<\/p>\n<p>&nbsp;<\/p>\n<p>Eine kirchliche Trauung ist in der Hubertuskapelle in Gstatterboden m\u00f6glich.<\/p>\n<p>&nbsp;<\/p>\n<p>F\u00fcr Speis, Trank und Unterkunft bieten sich der Nationalpark Pavillon und die Nationalpark Ges\u00e4use Lodge an.<\/p>\n\n        <\/div>\n            <\/div>\n    <img decoding=\"async\" src=\"https:\/\/nationalpark-gesaeuse.at\/wp-content\/uploads\/AdobeStock_173733434-Kopie.jpg\" alt=\"Heiraten im Nationalpark\" class=\"image-text__image image-text__column\" loading=\"lazy\" \/>\n<\/div><\/section>","protected":false},"excerpt":{"rendered":"","protected":false},"author":3,"featured_media":0,"parent":267,"menu_order":3,"comment_status":"closed","ping_status":"closed","template":"","meta":{"_acf_changed":false,"footnotes":""},"class_list":["post-1982","page","type-page","status-publish","hentry"],"acf":[],"_links":{"self":[{"href":"https:\/\/nationalpark-gesaeuse.at\/en\/wp-json\/wp\/v2\/pages\/1982","targetHints":{"allow":["GET"]}}],"collection":[{"href":"https:\/\/nationalpark-gesaeuse.at\/en\/wp-json\/wp\/v2\/pages"}],"about":[{"href":"https:\/\/nationalpark-gesaeuse.at\/en\/wp-json\/wp\/v2\/types\/page"}],"author":[{"embeddable":true,"href":"https:\/\/nationalpark-gesaeuse.at\/en\/wp-json\/wp\/v2\/users\/3"}],"replies":[{"embeddable":true,"href":"https:\/\/nationalpark-gesaeuse.at\/en\/wp-json\/wp\/v2\/comments?post=1982"}],"version-history":[{"count":3,"href":"https:\/\/nationalpark-gesaeuse.at\/en\/wp-json\/wp\/v2\/pages\/1982\/revisions"}],"predecessor-version":[{"id":17193,"href":"https:\/\/nationalpark-gesaeuse.at\/en\/wp-json\/wp\/v2\/pages\/1982\/revisions\/17193"}],"up":[{"embeddable":true,"href":"https:\/\/nationalpark-gesaeuse.at\/en\/wp-json\/wp\/v2\/pages\/267"}],"wp:attachment":[{"href":"https:\/\/nationalpark-gesaeuse.at\/en\/wp-json\/wp\/v2\/media?parent=1982"}],"curies":[{"name":"wp","href":"https:\/\/api.w.org\/{rel}","templated":true}]}}