{"id":17068,"date":"2025-06-18T10:44:00","date_gmt":"2025-06-18T08:44:00","guid":{"rendered":"https:\/\/nationalpark-gesaeuse.at\/?page_id=17068"},"modified":"2025-07-09T14:54:10","modified_gmt":"2025-07-09T12:54:10","slug":"17068-2","status":"publish","type":"page","link":"https:\/\/nationalpark-gesaeuse.at\/en\/nationalpark-erleben\/besucherzentren\/17068-2\/","title":{"rendered":""},"content":{"rendered":"<section id='lightpress__section--block_7ffcc9ef3b58cd62546823b9dd0f3232' class='lightpress__section lightpress__section--text lightpress__section--full_width lightpress__section--'>    <div><p>Die Lodge liegt mitten im Herzen des Nationalpark Ges\u00e4use in Gstatterboden. Seit dem Fr\u00fchjahr 2025 von der Nationalparkverwaltung \u00fcbernommen und vom Pavillon-P\u00e4chter Thomas\u202fNebl betrieben, bietet sie Platz f\u00fcr rund 76 Personen in 14 Zimmern \u2013 ideal f\u00fcr Schulklassen, Gruppen, Paare oder auch Alleinreisende.<\/p>\n<p>&nbsp;<\/p>\n<p>Die Lage ist unschlagbar: nur wenige Schritte vom Bahnhof, dem Nationalpark-Pavillon sowie dem Campingplatz Forstgarten entfernt. Von hier aus starten unz\u00e4hlige Wanderungen zu Ausflugszielen wie Ennstalerh\u00fctte, Buchsteinhaus oder die Mountainbike-Tour auf die Hochscheibenalm.<\/p>\n<p>&nbsp;<\/p>\n<p><strong>Unterkunftskategorie, Stil &amp; Ausstattung:<\/strong><\/p>\n<ul>\n<li>Traditionelles, rustikal-modern umgebautes Haus mit praktischen Mehrbett\u2011Zimmern.<\/li>\n<li>Klein aber feines Umfeld: Gemeinschaftsbereiche, flexible Unterkunft f\u00fcr diverse Gruppengr\u00f6\u00dfen.<\/li>\n<\/ul>\n<p>&nbsp;<\/p>\n<p><strong>Synergien mit dem Nationalpark<\/strong><strong> Pavillon:<\/strong><\/p>\n<ul>\n<li>Fr\u00fchst\u00fcck, Mittagessen &amp; Verpflegung erfolgen im benachbarten Pavillon, der auch einen \u00f6ffentlich zug\u00e4nglichen Gastronomiebereich, eine Info\u00adstelle, einen Shop und eine kostenlose Ausstellung bietet. Der sonnige Gastgarten mit Blick auf die Ges\u00e4useberge ist unschlagbar!<\/li>\n<\/ul>\n<p>&nbsp;<\/p>\n<p><strong>\u00d6ffnungszeiten &amp; Betrieb:<\/strong><\/p>\n<ul>\n<li>Saison von 25. April bis 26. Oktober (gleich wie Nationalpark-Pavillon)<\/li>\n<li>Hauptzielgruppe sind Schul- und Jugendgruppen, wobei auch individuelle G\u00e4ste herzlich willkommen sind.<\/li>\n<\/ul>\n<p>&nbsp;<\/p>\n<p><a href=\"https:\/\/www.nationalparkgesaeuselodge.at\/\"><strong>To the website<\/strong><\/a><\/p>\n<\/div>\n\n    <\/section>\n\n<section id='lightpress__section--block_5a5ff42a64da17781b3a628114c6652d' class='lightpress__section lightpress__section--image-text lightpress__section--full_width lightpress__section--'><div class=\"image-text image-text--mirrored\">\n    <div class=\"image-text__content image-text__column\">\n        <p class=\"image-text__subtitle\">Unser Tipp:<\/p>\n        <h3 class=\"image-text__title uppercase color-text-darker\">Heiraten im Nationalpark<\/h3>\n        <div class=\"image-text__text wysiwyg color-text-grey\">\n            <p>Wer den Bund f\u00fcrs Leben inmitten der Natur des Nationalparks schlie\u00dfen m\u00f6chte, kann folgende Angebote mutzen:<\/p>\n<p>&nbsp;<\/p>\n<p>Der Nationalpark Pavillon in Gstatterboden ist eine Au\u00dfenstelle des Standesamts Admont. Hier kann also standesamtlich geheiratet werden.<\/p>\n<p>&nbsp;<\/p>\n<p>Eine kirchliche Trauung ist in der Hubertuskapelle in Gstatterboden m\u00f6glich.<\/p>\n<p>&nbsp;<\/p>\n<p>F\u00fcr Speis, Trank und Unterkunft bieten sich der Nationalpark Pavillon und die Nationalpark Ges\u00e4use Lodge an.<\/p>\n\n        <\/div>\n            <\/div>\n    <img decoding=\"async\" src=\"https:\/\/nationalpark-gesaeuse.at\/wp-content\/uploads\/AdobeStock_173733434-Kopie.jpg\" alt=\"Heiraten im Nationalpark\" class=\"image-text__image image-text__column\" loading=\"lazy\" \/>\n<\/div><\/section>","protected":false},"excerpt":{"rendered":"","protected":false},"author":5,"featured_media":17069,"parent":267,"menu_order":2,"comment_status":"closed","ping_status":"closed","template":"","meta":{"_acf_changed":false,"footnotes":""},"class_list":["post-17068","page","type-page","status-publish","has-post-thumbnail","hentry"],"acf":[],"_links":{"self":[{"href":"https:\/\/nationalpark-gesaeuse.at\/en\/wp-json\/wp\/v2\/pages\/17068","targetHints":{"allow":["GET"]}}],"collection":[{"href":"https:\/\/nationalpark-gesaeuse.at\/en\/wp-json\/wp\/v2\/pages"}],"about":[{"href":"https:\/\/nationalpark-gesaeuse.at\/en\/wp-json\/wp\/v2\/types\/page"}],"author":[{"embeddable":true,"href":"https:\/\/nationalpark-gesaeuse.at\/en\/wp-json\/wp\/v2\/users\/5"}],"replies":[{"embeddable":true,"href":"https:\/\/nationalpark-gesaeuse.at\/en\/wp-json\/wp\/v2\/comments?post=17068"}],"version-history":[{"count":3,"href":"https:\/\/nationalpark-gesaeuse.at\/en\/wp-json\/wp\/v2\/pages\/17068\/revisions"}],"predecessor-version":[{"id":17145,"href":"https:\/\/nationalpark-gesaeuse.at\/en\/wp-json\/wp\/v2\/pages\/17068\/revisions\/17145"}],"up":[{"embeddable":true,"href":"https:\/\/nationalpark-gesaeuse.at\/en\/wp-json\/wp\/v2\/pages\/267"}],"wp:featuredmedia":[{"embeddable":true,"href":"https:\/\/nationalpark-gesaeuse.at\/en\/wp-json\/wp\/v2\/media\/17069"}],"wp:attachment":[{"href":"https:\/\/nationalpark-gesaeuse.at\/en\/wp-json\/wp\/v2\/media?parent=17068"}],"curies":[{"name":"wp","href":"https:\/\/api.w.org\/{rel}","templated":true}]}}