{"id":1667,"date":"2020-11-04T16:48:13","date_gmt":"2020-11-04T14:48:13","guid":{"rendered":"http:\/\/nationalpark-gesaeuse.at\/?page_id=1667"},"modified":"2026-02-04T12:19:27","modified_gmt":"2026-02-04T10:19:27","slug":"to-become-a-ranger","status":"publish","type":"page","link":"https:\/\/nationalpark-gesaeuse.at\/en\/nationalpark-mitgestalten\/ranger\/rangerausbildung\/","title":{"rendered":"To become a ranger"},"content":{"rendered":"<section id='lightpress__section--block_9a32f2342120deac0c4ce53f238561a8' class='lightpress__section lightpress__section--headline lightpress__section--full_width lightpress__section--'><div class=\"headline\">\n    <h2 class=\"headline__title uppercase color-headline-light\">To become a ranger<\/h2>\n    <hr class=\"headline__rule\">\n    <\/div>\n<\/section>\n\n<section id='lightpress__section--block_496a4796fe01c2d2ea0665fb7e157377' class='lightpress__section lightpress__section--text lightpress__section--full_width lightpress__section--'>    <div><p dir=\"auto\"><strong>Ranger:innen-Lehrgang 2026\/27 f\u00fcr die Nationalparks Ges\u00e4use &amp; Kalkalpen<\/strong><\/p>\n<p dir=\"auto\">Du liebst die Natur, arbeitest gern mit Menschen \u2013 besonders mit Kindern und Jugendlichen \u2013 und bist am liebsten drau\u00dfen unterwegs?<\/p>\n<p dir=\"auto\">Dann k\u00f6nnte das hier genau dein Ding sein: eine fundierte Ausbildung f\u00fcr Menschen mit regionaler Verbundenheit, Flexibilit\u00e4t und echter Begeisterung f\u00fcr Naturvermittlung.<\/p>\n<p>&nbsp;<\/p>\n<p><strong>Was dich erwartet:<\/strong><\/p>\n<ul>\n<li>Ausbildung zur\/zum zertifizierten Nationalpark Ranger:in<\/li>\n<li>F\u00fchrungen &amp; Programme in den Nationalparks Ges\u00e4use und\/oder Kalkalpen<\/li>\n<li>Arbeit mit Schulklassen und Gruppen<\/li>\n<li>Praxisnah, anspruchsvoll, sinnstiftend<\/li>\n<li>Kurs: Sept 2026 \u2013 Juni 2027 (42 Ausbildungstage, Anwesenheitspflicht)<\/li>\n<li>Kostenbeitrag: \u20ac 700 Grundmodul + \u20ac 700 Aufbaumodul<\/li>\n<li>T\u00e4tigkeit danach: freier Dienstnehmer, saisonal (v. a. Apr\u2013Jul, Sep\u2013Okt)<\/li>\n<li>Verdienst: \u20ac 150 brutto \/ Halbtag | \u20ac 226 brutto \/ Ganztag (Stand 01\/2026)<\/li>\n<\/ul>\n<p>&nbsp;<\/p>\n<p dir=\"auto\"><strong>Wichtig:<\/strong><br \/>\nDer Lehrgang richtet sich an Menschen, die nach der Ausbildung auch tats\u00e4chlich als Ranger arbeiten wollen!<\/p>\n<p dir=\"auto\">Bewerbung bis 31. M\u00e4rz 2026<br \/>\n(Lebenslauf + Motivationsschreiben oder max. 2-min-Video)<\/p>\n<p dir=\"auto\">Mach die Natur erlebbar &#8211; werde Ranger.<\/p>\n<p>&nbsp;<\/p>\n<p><strong>Der Lehrgang 2026\/27 \u2013 Aufbau &amp; Inhalte<\/strong><\/p>\n<p>Die Ausbildung ist zweiteilig und umfasst insgesamt rund<strong> 42 Ausbildungstage<\/strong>:<\/p>\n<p>&nbsp;<\/p>\n<p><strong>Grundmodul (17 Tage)<\/strong><\/p>\n<ul>\n<li>Grundlagen von Fauna &amp; Flora<\/li>\n<li>\u00d6kologie und Naturschutz<\/li>\n<li>Naturvermittlung, Didaktik und Gruppendynamik<\/li>\n<\/ul>\n<p>&nbsp;<\/p>\n<p><strong>Aufbaumodul (25 Tage)<\/strong><\/p>\n<ul>\n<li>Tier- und Pflanzenwelt der Nationalparks Ges\u00e4use &amp; Kalkalpen<\/li>\n<li>Naturraummanagement<\/li>\n<li>Regionale Geschichte, Tourismus und Nutzungskonflikte<\/li>\n<\/ul>\n<p>&nbsp;<\/p>\n<p>Die Ausbildungstage finden \u00fcberwiegend <strong>geblockt unter der Woche<\/strong> statt.<br \/>\n<strong>Anwesenheitspflicht<\/strong> w\u00e4hrend der gesamten Ausbildung.<\/p>\n<p>&nbsp;<\/p>\n<p><a href=\"https:\/\/www.nationalparksaustria.at\/de\/ranger_innen.html\">Zur Rangerseite von Nationalparks Austria:<\/a><\/p>\n<p>&nbsp;<\/p>\n<p dir=\"auto\">\n<\/div>\n\n    <\/section>\n\n<section id='lightpress__section--block_37a34f7706511e1a9cfac47afaabd40b' class='lightpress__section lightpress__section--downloads lightpress__section--full_width lightpress__section--'><div class=\"downloads\">\n    <div class=\"downloads__title-container\">\n        <h2 class=\"downloads__title uppercase\">Ausschreibung<\/h2>\n    <\/div>\n    <div class=\"downloads__files\">\n                    <style style=\"display: none\">.download{display:-webkit-box;display:-ms-flexbox;display:flex;-webkit-box-pack:justify;-ms-flex-pack:justify;justify-content:space-between;-webkit-box-align:center;-ms-flex-align:center;align-items:center;-webkit-box-sizing:border-box;box-sizing:border-box;padding:1em;border-radius:3px}.download__info{-ms-flex-wrap:nowrap;flex-wrap:nowrap}.download__info>*{display:inline-block}.download__title{font-size:1.1875rem;line-height:1em}.lightpress__body .download__filesize{margin-right:1em;font-size:.875rem;line-height:1em;opacity:.66}.download__link{color:var(--color-dark, black)}<\/style>\n\n<div class=\"download bg-light\">\n    <p class=\"download__title color-text-grey\">Ausschreibung-Rangerlehrgang-2&#8230;<\/p>\n    <div class=\"download__info\">\n                    <p class=\"download__filesize color-text-grey\">642.8 KB<\/p>\n                <a href=\"https:\/\/nationalpark-gesaeuse.at\/wp-content\/uploads\/Ausschreibung-Rangerlehrgang-2026-1.pdf\" class=\"download__link\" download>\n            <i class=\"fal fa-download fa-lg\"><\/i>\n        <\/a>\n    <\/div>\n<\/div>            <\/div>\n<\/div><\/section>\n\n<section id='lightpress__section--block_67eab967fcd025e6259b07c7b39e81e7' class='lightpress__section lightpress__section--downloads lightpress__section--full_width lightpress__section--'><div class=\"downloads\">\n    <div class=\"downloads__title-container\">\n        <h2 class=\"downloads__title uppercase\">Zertifikatshandbuch<\/h2>\n    <\/div>\n    <div class=\"downloads__files\">\n                    <style style=\"display: none\">.download{display:-webkit-box;display:-ms-flexbox;display:flex;-webkit-box-pack:justify;-ms-flex-pack:justify;justify-content:space-between;-webkit-box-align:center;-ms-flex-align:center;align-items:center;-webkit-box-sizing:border-box;box-sizing:border-box;padding:1em;border-radius:3px}.download__info{-ms-flex-wrap:nowrap;flex-wrap:nowrap}.download__info>*{display:inline-block}.download__title{font-size:1.1875rem;line-height:1em}.lightpress__body .download__filesize{margin-right:1em;font-size:.875rem;line-height:1em;opacity:.66}.download__link{color:var(--color-dark, black)}<\/style>\n\n<div class=\"download bg-light\">\n    <p class=\"download__title color-text-grey\">Zertifikatshandbuch 2016<\/p>\n    <div class=\"download__info\">\n                    <p class=\"download__filesize color-text-grey\">1.8 MB<\/p>\n                <a href=\"https:\/\/nationalpark-gesaeuse.at\/wp-content\/uploads\/Zertifikatshandbuch-2016.pdf\" class=\"download__link\" download>\n            <i class=\"fal fa-download fa-lg\"><\/i>\n        <\/a>\n    <\/div>\n<\/div>            <\/div>\n<\/div><\/section>\n\n<section id='lightpress__section--block_54668f0cd07d1af4f9dce98ddad09c8b' class='lightpress__section lightpress__section--image lightpress__section--full_width lightpress__section--'>                        <img decoding=\"async\" src=\"https:\/\/nationalpark-gesaeuse.at\/wp-content\/uploads\/1_Foeg_Leiste_BundGAPEU_DE_2025_RGB-scaled.jpg\" alt=\"Logo 2026\" \/>\n<\/section>","protected":false},"excerpt":{"rendered":"","protected":false},"author":3,"featured_media":0,"parent":278,"menu_order":1,"comment_status":"closed","ping_status":"closed","template":"","meta":{"_acf_changed":false,"footnotes":""},"class_list":["post-1667","page","type-page","status-publish","hentry"],"acf":[],"_links":{"self":[{"href":"https:\/\/nationalpark-gesaeuse.at\/en\/wp-json\/wp\/v2\/pages\/1667","targetHints":{"allow":["GET"]}}],"collection":[{"href":"https:\/\/nationalpark-gesaeuse.at\/en\/wp-json\/wp\/v2\/pages"}],"about":[{"href":"https:\/\/nationalpark-gesaeuse.at\/en\/wp-json\/wp\/v2\/types\/page"}],"author":[{"embeddable":true,"href":"https:\/\/nationalpark-gesaeuse.at\/en\/wp-json\/wp\/v2\/users\/3"}],"replies":[{"embeddable":true,"href":"https:\/\/nationalpark-gesaeuse.at\/en\/wp-json\/wp\/v2\/comments?post=1667"}],"version-history":[{"count":3,"href":"https:\/\/nationalpark-gesaeuse.at\/en\/wp-json\/wp\/v2\/pages\/1667\/revisions"}],"predecessor-version":[{"id":17460,"href":"https:\/\/nationalpark-gesaeuse.at\/en\/wp-json\/wp\/v2\/pages\/1667\/revisions\/17460"}],"up":[{"embeddable":true,"href":"https:\/\/nationalpark-gesaeuse.at\/en\/wp-json\/wp\/v2\/pages\/278"}],"wp:attachment":[{"href":"https:\/\/nationalpark-gesaeuse.at\/en\/wp-json\/wp\/v2\/media?parent=1667"}],"curies":[{"name":"wp","href":"https:\/\/api.w.org\/{rel}","templated":true}]}}