{"id":15406,"date":"2023-07-19T14:42:14","date_gmt":"2023-07-19T12:42:14","guid":{"rendered":"https:\/\/nationalpark-gesaeuse.at\/?page_id=15406"},"modified":"2023-07-31T10:06:55","modified_gmt":"2023-07-31T08:06:55","slug":"briefly-and-succinctly-2","status":"publish","type":"page","link":"https:\/\/nationalpark-gesaeuse.at\/en\/nationalpark-gesaeuse\/hoehepunkte\/","title":{"rendered":"Highlights"},"content":{"rendered":"<section id='lightpress__section--block_5ed2b0c2e1eb19fd6d3a5bf9d7b863c7' class='lightpress__section lightpress__section--headline lightpress__section--full_width lightpress__section--'><div class=\"headline\">\n    <h2 class=\"headline__title uppercase color-headline-light\">10 things you should not miss<\/h2>\n    <hr class=\"headline__rule\">\n    <\/div>\n<\/section>\n\n<section id='lightpress__section--block_987835f4ab2a463a0a319dda853037da' class='lightpress__section lightpress__section--story-gis-integration lightpress__section--full_width lightpress__section--'><div class=\"story-gis\">\n    <iframe class=\"story-gis__iframe\" src=\"https:\/\/webgis.nationalparksaustria.at\/portal\/apps\/storymaps\/stories\/037f35259e39487cabb098d4c97b3d53\"\n            width=\"100%\" height=\"800px\" frameborder=\"0\" allowfullscreen allow=\"geolocation\"><\/iframe>\n<\/div><\/section>\n\n<section id='lightpress__section--block_eff93166f7406c006529b893a7603647' class='lightpress__section lightpress__section--image-text lightpress__section--full_width lightpress__section--'><div class=\"image-text image-text--mirrored\">\n    <div class=\"image-text__content image-text__column\">\n        <p class=\"image-text__subtitle\"><\/p>\n        <h3 class=\"image-text__title uppercase color-text-darker\">1. Ges\u00e4use Eingang<\/h3>\n        <div class=\"image-text__text wysiwyg color-text-grey\">\n            <p><strong>Warum?<\/strong> Sausender Fluss (&#8222;Gesause&#8220;)<br \/>\n<strong>Ortscharakter?<\/strong> Aussichtspunkt, Bundesstra\u00dfe<br \/>\n<strong>Wie?<\/strong> Fahrrad, Bushaltestelle Gofer, Haltebucht<br \/>\n<strong>Wann?<\/strong> Fr\u00fchjahr bis Herbst<br \/>\n<strong>Dauer?<\/strong> Kurzer Reisestopp<br \/>\n<strong>Zu beachten:<\/strong> Uferschutzzone, im Besucherbereich bleiben<\/p>\n\n        <\/div>\n                    <a href=\"http:\/\/nationalpark-gesaeuse.at\/en\/national-park-enclosures\/briefly-and-succinctly\/gesaeuse-entrance-canyon\/\"               class=\"image-text__link button button--dark\">\n                Discover more\n            <\/a>\n            <\/div>\n    <img decoding=\"async\" src=\"https:\/\/nationalpark-gesaeuse.at\/wp-content\/uploads\/Wildwasser_c-Stefan-Leitner_Gesaeuse_0005.jpg\" alt=\"Wildwasser_c-Stefan Leitner_Gesaeuse_0005\" class=\"image-text__image image-text__column\" loading=\"lazy\" \/>\n<\/div><\/section>\n\n<section id='lightpress__section--block_dd8f90ccba91665a0404680e24420d4d' class='lightpress__section lightpress__section--image-text lightpress__section--full_width lightpress__section--'><div class=\"image-text\">\n    <div class=\"image-text__content image-text__column\">\n        <p class=\"image-text__subtitle\"><\/p>\n        <h3 class=\"image-text__title uppercase color-text-darker\">2. Weidendom<\/h3>\n        <div class=\"image-text__text wysiwyg color-text-grey\">\n            <p><strong>Warum?<\/strong> Nationalpark Zentrum &#038; Themenwege<br \/>\n<strong>Ortscharakter?<\/strong> Familienfreundlich, barrierefrei, im Freien<br \/>\n<strong>Wie?<\/strong> Fahrrad, Bushaltestelle &#8222;Weidendom&#8220;, Bahnhaltestelle &#8222;Johnsbach&#8220;, <a href=\"https:\/\/nationalpark-gesaeuse.at\/en\/discover-national-park\/car-parks\/\">Car park<\/a> &#8222;Weidendom&#8220;<br \/>\n<strong>Wann?<\/strong> Fr\u00fchjahr bis Herbst<br \/>\n<strong>Dauer?<\/strong> <a href=\"https:\/\/nationalpark-gesaeuse.at\/en\/discover-national-park\/visitor-centers\/wilow-dome\/research_workshop_willow_dome\/\">1\/2h bis 4h<\/a><br \/>\n<strong>Zu beachten:<\/strong> Uferschutzzone<\/p>\n\n        <\/div>\n                    <a href=\"http:\/\/nationalpark-gesaeuse.at\/en\/discover-national-park\/visitor-centers\/wilow-dome\/\"               class=\"image-text__link button button--dark\">\n                Discover more\n            <\/a>\n            <\/div>\n    <img decoding=\"async\" src=\"https:\/\/nationalpark-gesaeuse.at\/wp-content\/uploads\/Weidendom_c-Stefan-Leitner_Gesaeuse_1-2.jpg\" alt=\"Willow Dome_c-Stefan Leitner_Gesaeuse_1\" class=\"image-text__image image-text__column\" loading=\"lazy\" \/>\n<\/div><\/section>\n\n<section id='lightpress__section--block_cb70c211fcb5d97ae561a85f0b55faa0' class='lightpress__section lightpress__section--image-text lightpress__section--full_width lightpress__section--'><div class=\"image-text image-text--mirrored\">\n    <div class=\"image-text__content image-text__column\">\n        <p class=\"image-text__subtitle\"><\/p>\n        <h3 class=\"image-text__title uppercase color-text-darker\">3. Rauchboden Weg<\/h3>\n        <div class=\"image-text__text wysiwyg color-text-grey\">\n            <p><strong>Warum?<\/strong> Waldwildnis erleben<br \/>\n<strong>Ortscharakter?<\/strong> Familienfreundlich, einfacher Wanderweg, <a href=\"https:\/\/nationalpark-gesaeuse.at\/wp-content\/uploads\/npg2025_folder_biken_web.pdf\">Mountainbikestrecke<\/a><br \/>\n<strong>Wie?<\/strong> Fahrrad, Bus- &#038; Bahnhaltestellen, <a href=\"https:\/\/nationalpark-gesaeuse.at\/en\/discover-national-park\/car-parks\/\">Car parks<\/a><br \/>\n<strong>Wann?<\/strong> Zu jeder Jahreszeit<br \/>\n<strong>Dauer?<\/strong> 4km, 1h reine Gehzeit<br \/>\n<strong>Zu beachten:<\/strong> Kein Rundweg<\/p>\n\n        <\/div>\n                    <a href=\"https:\/\/nationalpark-gesaeuse.at\/en\/discover-national-park\/activities\/themed-trails\/erlebnisse\/at1\/abf7a324-4e5e-4f6e-9cbb-edf7e84febd3\/rauchbodenweg\/\"               class=\"image-text__link button button--dark\">\n                Discover more\n            <\/a>\n            <\/div>\n    <img decoding=\"async\" src=\"https:\/\/nationalpark-gesaeuse.at\/wp-content\/uploads\/Herbert-Woelger-IMG_0039-NPG.jpg\" alt=\"Herbert W\u00f6lger IMG_0039 NPG\" class=\"image-text__image image-text__column\" loading=\"lazy\" \/>\n<\/div><\/section>\n\n<section id='lightpress__section--block_87ab1a0376fb28995fa39edf042e0700' class='lightpress__section lightpress__section--image-text lightpress__section--full_width lightpress__section--'><div class=\"image-text\">\n    <div class=\"image-text__content image-text__column\">\n        <p class=\"image-text__subtitle\"><\/p>\n        <h3 class=\"image-text__title uppercase color-text-darker\">4. Hartels Graben<\/h3>\n        <div class=\"image-text__text wysiwyg color-text-grey\">\n            <p><\/a><strong>Warum?<\/strong> Wildbach- &#038; Schluchtwald-Wildnis<br \/>\n<strong>Ortscharakter?<\/strong> Gut ausgebauter, steilerer Wanderweg<br \/>\n<strong>Wie?<\/strong> Fahrrad, Sammeltaxi, <a href=\"https:\/\/nationalpark-gesaeuse.at\/en\/discover-national-park\/car-parks\/\">Parkplatz &#8222;Hartelsgraben&#8220;<\/a><br \/>\n<strong>Wann?<\/strong> Sommer bis Herbst<br \/>\n<strong>Dauer?<\/strong> 1,5h bis zum ehem. Jagdhaus<br \/>\n<strong>Zu beachten:<\/strong> Steinschlaggefahr bei Schlechtwetter, Lawinenkegel im Fr\u00fchjahr<\/p>\n\n        <\/div>\n                    <a href=\"https:\/\/nationalpark-gesaeuse.at\/en\/discover-national-park\/activities\/hiking\/erlebnisse\/at1\/369c3795-041d-4cbd-ae8e-78cef67b4bab\/wanderweg-hartelsgraben\/\"               class=\"image-text__link button button--dark\">\n                Discover more\n            <\/a>\n            <\/div>\n    <img decoding=\"async\" src=\"https:\/\/nationalpark-gesaeuse.at\/wp-content\/uploads\/200_Nationalpark_Gesaeuse_2019\u00a9StefanLeitner-2-e1612332241113.jpg\" alt=\"200_Nationalpark_Ges\u00e4use_2019\u00a9StefanLeitner (2)\" class=\"image-text__image image-text__column\" loading=\"lazy\" \/>\n<\/div><\/section>\n\n<section id='lightpress__section--block_fbd0dcc34633180423b5812ba2230052' class='lightpress__section lightpress__section--image-text lightpress__section--full_width lightpress__section--'><div class=\"image-text image-text--mirrored\">\n    <div class=\"image-text__content image-text__column\">\n        <p class=\"image-text__subtitle\"><\/p>\n        <h3 class=\"image-text__title uppercase color-text-darker\">5. Campingplatz Forstgarten<\/h3>\n        <div class=\"image-text__text wysiwyg color-text-grey\">\n            <p><strong>Warum?<\/strong> Einziger Campingplatz im Nationalpark<br \/>\n<strong>Ortscharakter?<\/strong> Von Wald und Bergen umgeben<br \/>\n<strong>Wie?<\/strong> Fahrrad, Bus- und Bahnhaltestelle &#8222;Gstatterboden&#8220;, <a href=\"https:\/\/nationalpark-gesaeuse.at\/en\/discover-national-park\/car-parks\/\">Car park<\/a><br \/>\n<strong>Wann?<\/strong> Fr\u00fchling bis Herbst<br \/>\n<strong>Dauer?<\/strong> So lange Sie m\u00f6chten<br \/>\n<strong>Zu beachten:<\/strong> Stellpl\u00e4tze, Feuerstelle, Lager, Badebereich am Fluss<\/p>\n\n        <\/div>\n                    <a href=\"https:\/\/www.steiermark.com\/de\/Gesaeuse\/Urlaub-planen\/Unterkuenfte\/Campingplatz-Forstgarten-Campingplatz-Admont_ad-271832\" target=\"_blank\"               class=\"image-text__link button button--dark\">\n                Discover more\n            <\/a>\n            <\/div>\n    <img decoding=\"async\" src=\"https:\/\/nationalpark-gesaeuse.at\/wp-content\/uploads\/Nationalpark_Gesaeuse_Forstgarten\u00a9StefanLeitner_com_014-2-e1612332269427.jpg\" alt=\"Nationalpark_Ges\u00e4use_Forest Garden\u00a9StefanLeitner_com_014 (2)\" class=\"image-text__image image-text__column\" loading=\"lazy\" \/>\n<\/div><\/section>\n\n<section id='lightpress__section--block_266fe5abde726ea66d4a6c15c1ccba94' class='lightpress__section lightpress__section--image-text lightpress__section--full_width lightpress__section--'><div class=\"image-text\">\n    <div class=\"image-text__content image-text__column\">\n        <p class=\"image-text__subtitle\"><\/p>\n        <h3 class=\"image-text__title uppercase color-text-darker\">6. Naturnacht<\/h3>\n        <div class=\"image-text__text wysiwyg color-text-grey\">\n            <p><strong>Warum?<\/strong> Faszinierender Sternenhimmel<br \/>\n<strong>Ortscharakter?<\/strong> Ausgew\u00e4hlte Pl\u00e4tze<br \/>\n<strong>Wie?<\/strong> Am besten bei einer gef\u00fchrten Tour<br \/>\n<strong>Wann?<\/strong> Vorrangig Neumondn\u00e4chte<br \/>\n<strong>Dauer?<\/strong> Bis der Tag erwacht<br \/>\n<strong>Zu beachten:<\/strong> Um Wildtiere nicht zu st\u00f6ren auf ausgew\u00e4hlten Pl\u00e4tzen bleiben<\/p>\n\n        <\/div>\n                    <a href=\"http:\/\/nationalpark-gesaeuse.at\/en\/national-park-enclosures\/natural-phenomena\/night-sky\/\"               class=\"image-text__link button button--dark\">\n                Discover more\n            <\/a>\n            <\/div>\n    <img decoding=\"async\" src=\"https:\/\/nationalpark-gesaeuse.at\/wp-content\/uploads\/Andreas-Hollinger-19472_NPG.jpg\" alt=\"Andreas Hollinger-19472_NPG\" class=\"image-text__image image-text__column\" loading=\"lazy\" \/>\n<\/div><\/section>\n\n<section id='lightpress__section--block_64ccc58a205a8104ca877aa62e334fdd' class='lightpress__section lightpress__section--image-text lightpress__section--full_width lightpress__section--'><div class=\"image-text image-text--mirrored\">\n    <div class=\"image-text__content image-text__column\">\n        <p class=\"image-text__subtitle\"><\/p>\n        <h3 class=\"image-text__title uppercase color-text-darker\">7. Schutzh\u00fctten<\/h3>\n        <div class=\"image-text__text wysiwyg color-text-grey\">\n            <p><strong>Warum?<\/strong> Verbindung von alpinem Bergerlebnis und Gastfreundschaft<br \/>\n<strong>Ortscharakter?<\/strong> Mittlere bis schwierige Wanderwege<br \/>\n<strong>Wie?<\/strong> Fahrrad, Bus- &#038; Bahnhaltestellen, <a href=\"https:\/\/nationalpark-gesaeuse.at\/en\/discover-national-park\/car-parks\/\" rel=\"noopener\" target=\"_blank\">Car parks<\/a><br \/>\n<strong>Wann?<\/strong> Sp\u00e4tes Fr\u00fchjahr bis Herbst<br \/>\n<strong>Dauer?<\/strong> Halbtages- bis Mehrtagestouren<br \/>\n<strong>Zu beachten:<\/strong> Ausr\u00fcstung anpassen, keine Seilbahnen<\/p>\n\n        <\/div>\n                    <a href=\"http:\/\/nationalpark-gesaeuse.at\/en\/discover-national-park\/activities\/hiking\/\"               class=\"image-text__link button button--dark\">\n                Discover more\n            <\/a>\n            <\/div>\n    <img decoding=\"async\" src=\"https:\/\/nationalpark-gesaeuse.at\/wp-content\/uploads\/ennstalerhuette_\u00a9stefanleitner_TV_Gesaeuse_21.jpg\" alt=\"ennstalerhuette_\u00a9stefanleitner_TV_Gesaeuse_21\" class=\"image-text__image image-text__column\" loading=\"lazy\" \/>\n<\/div><\/section>\n\n<section id='lightpress__section--block_be952da9adab7ae19d1b43bdd9dc09ac' class='lightpress__section lightpress__section--image-text lightpress__section--full_width lightpress__section--'><div class=\"image-text\">\n    <div class=\"image-text__content image-text__column\">\n        <p class=\"image-text__subtitle\"><\/p>\n        <h3 class=\"image-text__title uppercase color-text-darker\">8. Alpines Klettern<\/h3>\n        <div class=\"image-text__text wysiwyg color-text-grey\">\n            <p><strong>Warum?<\/strong> Intensives Erlebnis am Fels<br \/>\n<strong>Ortscharakter?<\/strong> Touren vom II. bis XI. Grad, l\u00e4ngere Zustiege<br \/>\n<strong>Wie?<\/strong> Fahrrad, Bus- &#038; Bahnhaltestellen, Sammeltaxi, Parkpl\u00e4tze (Link)<br \/>\n<strong>Wann?<\/strong> Sommer bis Herbst<br \/>\n<strong>Dauer?<\/strong> Ganztagestouren<br \/>\n<strong>Zu beachten:<\/strong> Bergf\u00fchrer empfohlen, ausgewiesene Kletterouten, Verbotszonen<\/p>\n\n        <\/div>\n                    <a href=\"http:\/\/nationalpark-gesaeuse.at\/en\/discover-national-park\/activities\/climbing\/\"               class=\"image-text__link button button--dark\">\n                Discover more\n            <\/a>\n            <\/div>\n    <img decoding=\"async\" src=\"https:\/\/nationalpark-gesaeuse.at\/wp-content\/uploads\/LEI2323-1.jpg\" alt=\"_LEI2323 (1)\" class=\"image-text__image image-text__column\" loading=\"lazy\" \/>\n<\/div><\/section>\n\n<section id='lightpress__section--block_1425c956478bc8b1dcbe46ba17c49177' class='lightpress__section lightpress__section--image-text lightpress__section--full_width lightpress__section--'><div class=\"image-text image-text--mirrored\">\n    <div class=\"image-text__content image-text__column\">\n        <p class=\"image-text__subtitle\"><\/p>\n        <h3 class=\"image-text__title uppercase color-text-darker\">9. Veranstaltungen<\/h3>\n        <div class=\"image-text__text wysiwyg color-text-grey\">\n            <p><strong>Warum?<\/strong> Gef\u00fchrte Touren, Fotoschule, Ausstellungen<br \/>\n<strong>Ortscharakter?<\/strong> Je nach Veranstaltung<br \/>\n<strong>Wie?<\/strong> Fahrrad, Bus- &#038; Bahnhaltestellen, <a href=\"https:\/\/nationalpark-gesaeuse.at\/en\/discover-national-park\/car-parks\/\" rel=\"noopener\" target=\"_blank\">Car parks<\/a><br \/>\n<strong>Wann?<\/strong> Ganzj\u00e4hrig<br \/>\n<strong>Dauer?<\/strong> 2h bis mehrt\u00e4gig<br \/>\n<strong>Zu beachten:<\/strong> Teilweise Anmeldung notwendig<\/p>\n\n        <\/div>\n                    <a href=\"https:\/\/nationalpark-gesaeuse.at\/en\/discover-national-park\/calendar\/veranstaltungen\/\"               class=\"image-text__link button button--dark\">\n                Discover more\n            <\/a>\n            <\/div>\n    <img decoding=\"async\" src=\"https:\/\/nationalpark-gesaeuse.at\/wp-content\/uploads\/Weidendom-Umgebung_Stefan_Leitner_72_NPG-1.jpg\" alt=\"Weidendom Umgebung_Stefan_Leitner_72_NPG\" class=\"image-text__image image-text__column\" loading=\"lazy\" \/>\n<\/div><\/section>\n\n<section id='lightpress__section--block_48b4b19d30c7a9c813b4bf13a1035d8b' class='lightpress__section lightpress__section--image-text lightpress__section--full_width lightpress__section--'><div class=\"image-text\">\n    <div class=\"image-text__content image-text__column\">\n        <p class=\"image-text__subtitle\"><\/p>\n        <h3 class=\"image-text__title uppercase color-text-darker\">10. Nationalpark Ranger:innen<\/h3>\n        <div class=\"image-text__text wysiwyg color-text-grey\">\n            <p><strong>Warum?<\/strong> Mehr erfahren, tieferer Einblick<br \/>\n<strong>(Orts-)charakter?<\/strong> Gut ausgebildete und hilfsbereite Naturvermittler:innen mit Hintergrundwissen<br \/>\n<strong>Wie?<\/strong> Ganz individuell<br \/>\n<strong>Wann?<\/strong> Zuf\u00e4llig oder bei Veranstaltungen<br \/>\n<strong>Dauer?<\/strong> Vom spontanen Gespr\u00e4ch bis zu mehreren Tagen<br \/>\n<strong>Zu beachten:<\/strong> Erkennbar an der Nationalpark-Uniform und dem freundlichen L\u00e4cheln \ud83d\ude09<\/p>\n\n        <\/div>\n                    <a href=\"http:\/\/nationalpark-gesaeuse.at\/en\/create-national-park\/ranger\/\"               class=\"image-text__link button button--dark\">\n                Discover more\n            <\/a>\n            <\/div>\n    <img decoding=\"async\" src=\"https:\/\/nationalpark-gesaeuse.at\/wp-content\/uploads\/Nationalparks_Austria_Gesaeuse\u00a9StefanLeitner_020.jpg\" alt=\"Bild: mit Ranger unterwegs\" class=\"image-text__image image-text__column\" loading=\"lazy\" \/>\n<\/div><\/section>\n\n<section id='lightpress__section--block_be15f759887e1d86437bbfd0902b5278' class='lightpress__section lightpress__section--headline lightpress__section--full_width lightpress__section--'><div class=\"headline\">\n    <h2 class=\"headline__title uppercase color-headline-light\">for your orientation<\/h2>\n    <hr class=\"headline__rule\">\n            <div class=\"headline__text color-text-grey\"><p>This map from our partner <a href=\"https:\/\/shop.carto.at\/advanced_search_result.php?categories_id=0&#038;keywords=ges%C3%A4use&#038;inc_subcat=0\" rel=\"noopener\" target=\"_blank\">CARTO.AT<\/a> can be bought in the information office Admont and in the National Park Pavilion Gstatterboden as a print!<\/p>\n<\/div>\n    <\/div>\n<\/section>\n\n<section id='lightpress__section--block_638584cbc726da6a03a09d4ec1154de7' class='lightpress__section lightpress__section--carto lightpress__section--full_width lightpress__section--'><div class=\"carto\">\n      <iframe class=\"carto__iframe\" src=\"https:\/\/www.carto.at\/801\/np-gesaeuse.html\" style=\"border:0;height:800px;width:100%\"\n          loading=\"lazy\"><\/iframe>\n<\/div><\/section>","protected":false},"excerpt":{"rendered":"","protected":false},"author":3,"featured_media":0,"parent":6,"menu_order":1,"comment_status":"closed","ping_status":"closed","template":"","meta":{"_acf_changed":false,"footnotes":""},"class_list":["post-15406","page","type-page","status-publish","hentry"],"acf":[],"_links":{"self":[{"href":"https:\/\/nationalpark-gesaeuse.at\/en\/wp-json\/wp\/v2\/pages\/15406","targetHints":{"allow":["GET"]}}],"collection":[{"href":"https:\/\/nationalpark-gesaeuse.at\/en\/wp-json\/wp\/v2\/pages"}],"about":[{"href":"https:\/\/nationalpark-gesaeuse.at\/en\/wp-json\/wp\/v2\/types\/page"}],"author":[{"embeddable":true,"href":"https:\/\/nationalpark-gesaeuse.at\/en\/wp-json\/wp\/v2\/users\/3"}],"replies":[{"embeddable":true,"href":"https:\/\/nationalpark-gesaeuse.at\/en\/wp-json\/wp\/v2\/comments?post=15406"}],"version-history":[{"count":3,"href":"https:\/\/nationalpark-gesaeuse.at\/en\/wp-json\/wp\/v2\/pages\/15406\/revisions"}],"predecessor-version":[{"id":15614,"href":"https:\/\/nationalpark-gesaeuse.at\/en\/wp-json\/wp\/v2\/pages\/15406\/revisions\/15614"}],"up":[{"embeddable":true,"href":"https:\/\/nationalpark-gesaeuse.at\/en\/wp-json\/wp\/v2\/pages\/6"}],"wp:attachment":[{"href":"https:\/\/nationalpark-gesaeuse.at\/en\/wp-json\/wp\/v2\/media?parent=15406"}],"curies":[{"name":"wp","href":"https:\/\/api.w.org\/{rel}","templated":true}]}}