{"id":14769,"date":"2022-12-12T16:32:17","date_gmt":"2022-12-12T14:32:17","guid":{"rendered":"https:\/\/nationalpark-gesaeuse.at\/?page_id=14769"},"modified":"2026-03-09T09:59:25","modified_gmt":"2026-03-09T07:59:25","slug":"car-parks","status":"publish","type":"page","link":"https:\/\/nationalpark-gesaeuse.at\/en\/nationalpark-erleben\/parkplatz-im-gesause\/","title":{"rendered":"Car parks"},"content":{"rendered":"<section id='lightpress__section--block_8e2e67043e6843ce5543f02da42f5a76' class='lightpress__section lightpress__section--headline lightpress__section--full_width lightpress__section--'><div class=\"headline\">\n    <h2 class=\"headline__title uppercase color-headline-light\">Admont-Ges\u00e4use car park network<\/h2>\n    <hr class=\"headline__rule\">\n    <\/div>\n<\/section>\n\n<section id='lightpress__section--block_5afe7b82716282e55751fc392cb926c5' class='lightpress__section lightpress__section--text lightpress__section--full_width lightpress__section--'>    <div><p>Seit 01.01.2023 wird ein Gro\u00dfteil der Parkpl\u00e4tze im Nationalpark Ges\u00e4use, in Johnsbach, auf der Buchau und in der M\u00fchlau bewirtschaftet.<br \/>\nGes\u00e4use National Park, Styrian State Forests, Admont Abbey, the municipality of Admont and the Ges\u00e4use Tourist Association have founded the \u201cParkverbund Admont-Ges\u00e4use\u201d (Admont \u2013 Ges\u00e4use car park network) and created a uniform system.<\/p>\n<p>Die Tagesgeb\u00fchr der Parkpl\u00e4tze betr\u00e4gt \u20ac 7,-<\/p>\n<p><strong>Card payment and payment via EasyPark possible, cash payment with coins only!<\/strong><\/p>\n<p>&nbsp;<\/p>\n<p>&nbsp;<\/p>\n<p><strong>ANNUAL CARDS<\/strong><\/p>\n<p><span style=\"text-decoration: underline;\">General Annual Pass:<\/span><\/p>\n<p>Price: \u20ac 80,-<\/p>\n<p>&nbsp;<\/p>\n<p>G\u00fcltigkeit: 01.01.2026 &#8211; 31.12. 2026, alle Parkpl\u00e4tze im Verbund<\/p>\n<p>Issue: Infob\u00fcro Admont, available all year round, dispatch possible<\/p>\n<p>For whom: All<\/p>\n<p>&nbsp;<\/p>\n<p>Citizens with their main residence in Admont, Ardning, St. Gallen or Landl can obtain annual passes at their respective municipal offices.<\/p>\n<\/div>\n\n    <\/section>\n\n<section id='lightpress__section--block_54978173892199f20481e609b3f39582' class='lightpress__section lightpress__section--akkordion lightpress__section--full_width lightpress__section--'><section id=\"services\" class=\"services\">\n    <div class=\"handorgel\">\n                    <h3 class=\"handorgel__header\">\n                <button class=\"handorgel__header__button\">\n                    Why do I have to pay?\n                    <i class=\"fal fa-chevron-down handorgel__header__icon\"><\/i>\n                <\/button>\n            <\/h3>\n            <div class=\"handorgel__content\" data-open>\n                <div class=\"handorgel__content__inner\">\n                    <div class=\"handorgel__content__text\">\n                        <p>We provide a well-organised and easy-to-use network of car parks that act as gateways to experiencing nature.<\/p>\n\n                    <\/div>\n                <\/div>\n            <\/div>\n                    <h3 class=\"handorgel__header\">\n                <button class=\"handorgel__header__button\">\n                    Where does my money go?\n                    <i class=\"fal fa-chevron-down handorgel__header__icon\"><\/i>\n                <\/button>\n            <\/h3>\n            <div class=\"handorgel__content\" >\n                <div class=\"handorgel__content__inner\">\n                    <div class=\"handorgel__content__text\">\n                        <p>Into maintaining and improving car parks. \u20ac 1 from every parking ticket bought goes to alpine clubs for maintaining trails.<\/p>\n\n                    <\/div>\n                <\/div>\n            <\/div>\n                    <h3 class=\"handorgel__header\">\n                <button class=\"handorgel__header__button\">\n                    How to buy parking tickets?\n                    <i class=\"fal fa-chevron-down handorgel__header__icon\"><\/i>\n                <\/button>\n            <\/h3>\n            <div class=\"handorgel__content\" >\n                <div class=\"handorgel__content__inner\">\n                    <div class=\"handorgel__content__text\">\n                        <p>from ticket machines in car parks. Payment in cash or by card<\/p>\n\n                    <\/div>\n                <\/div>\n            <\/div>\n                    <h3 class=\"handorgel__header\">\n                <button class=\"handorgel__header__button\">\n                    Where are parking tickets valid?\n                    <i class=\"fal fa-chevron-down handorgel__header__icon\"><\/i>\n                <\/button>\n            <\/h3>\n            <div class=\"handorgel__content\" >\n                <div class=\"handorgel__content__inner\">\n                    <div class=\"handorgel__content__text\">\n                        <p>- in car parks managed by \u201eParkverbund Admont - Ges\u00e4use\u201c (Admont-Ges\u00e4use car park network)<br \/>\n- from time of purchase until midnight that day<br \/>\n- at P33 \u2013 Lahnalm and P34 - M\u00fchlau there are temporary shortened parking times<\/p>\n\n                    <\/div>\n                <\/div>\n            <\/div>\n                    <h3 class=\"handorgel__header\">\n                <button class=\"handorgel__header__button\">\n                    Long stay parking:\n                    <i class=\"fal fa-chevron-down handorgel__header__icon\"><\/i>\n                <\/button>\n            <\/h3>\n            <div class=\"handorgel__content\" >\n                <div class=\"handorgel__content__inner\">\n                    <div class=\"handorgel__content__text\">\n                        <p>buy a ticket for the corresponding number of calendar days<\/p>\n\n                    <\/div>\n                <\/div>\n            <\/div>\n                    <h3 class=\"handorgel__header\">\n                <button class=\"handorgel__header__button\">\n                    Free parking for:\n                    <i class=\"fal fa-chevron-down handorgel__header__icon\"><\/i>\n                <\/button>\n            <\/h3>\n            <div class=\"handorgel__content\" >\n                <div class=\"handorgel__content__inner\">\n                    <div class=\"handorgel__content__text\">\n                        <p>- disabled parking badge holders<br \/>\n- motorbikes, scooters, mopeds and bikes<\/p>\n\n                    <\/div>\n                <\/div>\n            <\/div>\n                    <h3 class=\"handorgel__header\">\n                <button class=\"handorgel__header__button\">\n                    Parking allowed for:\n                    <i class=\"fal fa-chevron-down handorgel__header__icon\"><\/i>\n                <\/button>\n            <\/h3>\n            <div class=\"handorgel__content\" >\n                <div class=\"handorgel__content__inner\">\n                    <div class=\"handorgel__content__text\">\n                        <p>- disabled parking badge holders vehicles &lt; 3,5t<br \/>\n- motorbikes, scooters, mopeds and bikes<\/p>\n\n                    <\/div>\n                <\/div>\n            <\/div>\n                    <h3 class=\"handorgel__header\">\n                <button class=\"handorgel__header__button\">\n                    Bus parking &gt; 3,5t\n                    <i class=\"fal fa-chevron-down handorgel__header__icon\"><\/i>\n                <\/button>\n            <\/h3>\n            <div class=\"handorgel__content\" >\n                <div class=\"handorgel__content__inner\">\n                    <div class=\"handorgel__content__text\">\n                        <p>parking free of charge at P4 \u2013 Weidendom<\/p>\n\n                    <\/div>\n                <\/div>\n            <\/div>\n                    <h3 class=\"handorgel__header\">\n                <button class=\"handorgel__header__button\">\n                    Motorhome parking &gt; 3,5t\n                    <i class=\"fal fa-chevron-down handorgel__header__icon\"><\/i>\n                <\/button>\n            <\/h3>\n            <div class=\"handorgel__content\" >\n                <div class=\"handorgel__content__inner\">\n                    <div class=\"handorgel__content__text\">\n                        <p>Exclusively at campgrounds, motorhome overnight-stopovers and private car parks<\/p>\n\n                    <\/div>\n                <\/div>\n            <\/div>\n            <\/div>\n<\/section>\n<\/section>\n\n<section id='lightpress__section--block_4d1b1a9b52ddfbe1ce93a8e3202fb648' class='lightpress__section lightpress__section--image lightpress__section--full_width lightpress__section--'>                        <img decoding=\"async\" src=\"https:\/\/nationalpark-gesaeuse.at\/wp-content\/uploads\/npg2022_karte_parken08122022_2-1-scaled.jpg\" alt=\"Map of car parks Parkverbund Ges\u00e4use\" \/>\n<\/section>\n\n<section id='lightpress__section--block_cce8a076bebc5f250ecf19df80e88476' class='lightpress__section lightpress__section--downloads lightpress__section--full_width lightpress__section--'><div class=\"downloads\">\n    <div class=\"downloads__title-container\">\n        <h2 class=\"downloads__title uppercase\">Downloads<\/h2>\n    <\/div>\n    <div class=\"downloads__files\">\n                    <style style=\"display: none\">.download{display:-webkit-box;display:-ms-flexbox;display:flex;-webkit-box-pack:justify;-ms-flex-pack:justify;justify-content:space-between;-webkit-box-align:center;-ms-flex-align:center;align-items:center;-webkit-box-sizing:border-box;box-sizing:border-box;padding:1em;border-radius:3px}.download__info{-ms-flex-wrap:nowrap;flex-wrap:nowrap}.download__info>*{display:inline-block}.download__title{font-size:1.1875rem;line-height:1em}.lightpress__body .download__filesize{margin-right:1em;font-size:.875rem;line-height:1em;opacity:.66}.download__link{color:var(--color-dark, black)}<\/style>\n\n<div class=\"download bg-light\">\n    <p class=\"download__title color-text-grey\">Flyer Parkverbund Admont-Ges\u00e4u...<\/p>\n    <div class=\"download__info\">\n                    <p class=\"download__filesize color-text-grey\">769.2 KB<\/p>\n                <a href=\"https:\/\/nationalpark-gesaeuse.at\/wp-content\/uploads\/20221209_parkverbund_folder_web.pdf\" class=\"download__link\" download>\n            <i class=\"fal fa-download fa-lg\"><\/i>\n        <\/a>\n    <\/div>\n<\/div>                    \n\n<div class=\"download bg-light\">\n    <p class=\"download__title color-text-grey\">Map as image<\/p>\n    <div class=\"download__info\">\n                    <p class=\"download__filesize color-text-grey\">327.6 KB<\/p>\n                <a href=\"https:\/\/nationalpark-gesaeuse.at\/wp-content\/uploads\/npg2022_karte_parken08122022_2-scaled.jpg\" class=\"download__link\" download>\n            <i class=\"fal fa-download fa-lg\"><\/i>\n        <\/a>\n    <\/div>\n<\/div>            <\/div>\n<\/div><\/section>","protected":false},"excerpt":{"rendered":"","protected":false},"author":6,"featured_media":0,"parent":226,"menu_order":5,"comment_status":"closed","ping_status":"closed","template":"","meta":{"_acf_changed":false,"footnotes":""},"class_list":["post-14769","page","type-page","status-publish","hentry"],"acf":[],"_links":{"self":[{"href":"https:\/\/nationalpark-gesaeuse.at\/en\/wp-json\/wp\/v2\/pages\/14769","targetHints":{"allow":["GET"]}}],"collection":[{"href":"https:\/\/nationalpark-gesaeuse.at\/en\/wp-json\/wp\/v2\/pages"}],"about":[{"href":"https:\/\/nationalpark-gesaeuse.at\/en\/wp-json\/wp\/v2\/types\/page"}],"author":[{"embeddable":true,"href":"https:\/\/nationalpark-gesaeuse.at\/en\/wp-json\/wp\/v2\/users\/6"}],"replies":[{"embeddable":true,"href":"https:\/\/nationalpark-gesaeuse.at\/en\/wp-json\/wp\/v2\/comments?post=14769"}],"version-history":[{"count":3,"href":"https:\/\/nationalpark-gesaeuse.at\/en\/wp-json\/wp\/v2\/pages\/14769\/revisions"}],"predecessor-version":[{"id":17623,"href":"https:\/\/nationalpark-gesaeuse.at\/en\/wp-json\/wp\/v2\/pages\/14769\/revisions\/17623"}],"up":[{"embeddable":true,"href":"https:\/\/nationalpark-gesaeuse.at\/en\/wp-json\/wp\/v2\/pages\/226"}],"wp:attachment":[{"href":"https:\/\/nationalpark-gesaeuse.at\/en\/wp-json\/wp\/v2\/media?parent=14769"}],"curies":[{"name":"wp","href":"https:\/\/api.w.org\/{rel}","templated":true}]}}