{"id":1271,"date":"2020-11-03T17:46:19","date_gmt":"2020-11-03T15:46:19","guid":{"rendered":"http:\/\/nationalpark-gesaeuse.at\/?page_id=1271"},"modified":"2025-12-09T10:46:51","modified_gmt":"2025-12-09T08:46:51","slug":"wilow-dome","status":"publish","type":"page","link":"https:\/\/nationalpark-gesaeuse.at\/en\/nationalpark-erleben\/besucherzentren\/erlebniszentrum_weidendom\/","title":{"rendered":"National Park Centre Willow Dome"},"content":{"rendered":"<section id='lightpress__section--block_a2471220ef6df2c38eeecdc2a305ec05' class='lightpress__section lightpress__section--headline lightpress__section--full_width lightpress__section--'><div class=\"headline\">\n    <h2 class=\"headline__title uppercase color-headline-light\">National Park Centre Willow Dome<\/h2>\n    <hr class=\"headline__rule\">\n    <\/div>\n<\/section>\n\n<section id='lightpress__section--block_990fedbcff2ec4b2860f5fca8afadcfa' class='lightpress__section lightpress__section--text lightpress__section--full_width lightpress__section--'>    <div><p>Directly at the junction to the mountaineering village of Johnsbach, the living structure of the Weidendom has taken root on the banks of the Enns. A wide range of programmes allows visitors to immerse themselves in the wild side of the National Park for a while.<br \/>\nThe entire area includes islands of tranquillity with comfortable swings that invite to rest and linger. An impressive open-air theatre does not only provide a spectacular view but is also used for interesting lectures and cinema programmes in summer\u00a0<a href=\"http:\/\/nationalpark-gesaeuse.at\/en\/discover-national-park\/calendar\/\">- Programme in Calendar.\u00a0<\/a>Additionally, the visitor centre Willow Dome is ideal for your\u00a0<a href=\"http:\/\/nationalpark-gesaeuse.at\/en\/discover-national-park\/schools-and-groups\/for-groups\/\">child\u00b4s birthday party\u00a0<\/a>. And if you are locking for refreshment, enjoy the cool waters of Enns river at the Johnsbachsteg visitors' area.<\/p>\n<p>Outside of opening hours, the area of the Willow Dome is also freely accessible!<\/p>\n<p>From the Willow Dome a lot of themed trails start -\u00a0<a href=\"http:\/\/nationalpark-gesaeuse.at\/en\/discover-national-park\/activities\/themed-trails\/\">Themed trails<\/a>.<\/p>\n<p>&nbsp;<\/p>\n<p><strong>Opening hours:<\/strong><\/p>\n<p>Der Weidendom ist ganzj\u00e4hrig frei betretbar, betreutes Besucherprogramm zu folgenden Zeiten:<\/p>\n<p><strong>Mai, Juni: <\/strong>Samstag, Sonntag, Feier- und Fenstertage, jeweils 10:00 bis 18:00 Uhr<\/p>\n<p><strong>Juli, August:<\/strong> t\u00e4glich von 10:00 bis 18:00 Uhr<\/p>\n<p><strong>September:<\/strong> Samstag, Sonntag, Feier- und Fenstertage, jeweils 10:00 bis 18:00 Uhr<\/p>\n<p>&nbsp;<\/p>\n<p><strong>How to get here<\/strong><\/p>\n<p><strong>Arrival by public transport: <\/strong>Stop Weidendom. You will find a suitable connection at the \u00d6BB information desk <a href=\"https:\/\/fahrplan.oebb.at\/bin\/query.exe\/dn?\" target=\"_blank\" rel=\"noopener\">\u00d6BB information<\/a> or <a href=\"https:\/\/verkehrsauskunft.verbundlinie.at\/\" target=\"_blank\" rel=\"noopener\">Bus-Bahn-Bim information desk.\u00a0<\/a><\/p>\n<p>&nbsp;<\/p>\n<p><strong>For navigation system users: <\/strong>Krumau 97, 8911 Admont<\/p>\n<\/div>\n\n    <\/section>\n\n<section id='lightpress__section--block_df5631fee05c898a6c4821c0e6ca067c' class='lightpress__section lightpress__section--downloads lightpress__section--full_width lightpress__section--'><div class=\"downloads\">\n    <div class=\"downloads__title-container\">\n        <h2 class=\"downloads__title uppercase\">Folder Weidendom<\/h2>\n    <\/div>\n    <div class=\"downloads__files\">\n                    <style style=\"display: none\">.download{display:-webkit-box;display:-ms-flexbox;display:flex;-webkit-box-pack:justify;-ms-flex-pack:justify;justify-content:space-between;-webkit-box-align:center;-ms-flex-align:center;align-items:center;-webkit-box-sizing:border-box;box-sizing:border-box;padding:1em;border-radius:3px}.download__info{-ms-flex-wrap:nowrap;flex-wrap:nowrap}.download__info>*{display:inline-block}.download__title{font-size:1.1875rem;line-height:1em}.lightpress__body .download__filesize{margin-right:1em;font-size:.875rem;line-height:1em;opacity:.66}.download__link{color:var(--color-dark, black)}<\/style>\n\n<div class=\"download bg-light\">\n    <p class=\"download__title color-text-grey\">Weidendom &#8211; Stand 2025<\/p>\n    <div class=\"download__info\">\n                    <p class=\"download__filesize color-text-grey\">1.1 MB<\/p>\n                <a href=\"https:\/\/nationalpark-gesaeuse.at\/wp-content\/uploads\/Weidendom-2025.pdf\" class=\"download__link\" download>\n            <i class=\"fal fa-download fa-lg\"><\/i>\n        <\/a>\n    <\/div>\n<\/div>            <\/div>\n<\/div><\/section>\n\n<section id='lightpress__section--block_edc7e290556da8d24d0774938f85ae36' class='lightpress__section lightpress__section--image lightpress__section--full_width lightpress__section--'>                        <img decoding=\"async\" src=\"https:\/\/nationalpark-gesaeuse.at\/wp-content\/uploads\/Weidendom-2025.jpg\" alt=\"Weidendom 2025, Karte\" style=\"max-width: 1280px\" \/>\n<\/section>\n\n<section id='lightpress__section--block_d4a749668af957c42d17678883e526fb' class='lightpress__section lightpress__section--image-text lightpress__section--full_width lightpress__section--'><div class=\"image-text image-text--mirrored\">\n    <div class=\"image-text__content image-text__column\">\n        <p class=\"image-text__subtitle\">Unser Tipp:<\/p>\n        <h3 class=\"image-text__title uppercase color-text-darker\">Heiraten im Nationalpark<\/h3>\n        <div class=\"image-text__text wysiwyg color-text-grey\">\n            <p>Wer den Bund f\u00fcrs Leben inmitten der Natur des Nationalparks schlie\u00dfen m\u00f6chte, kann folgende Angebote mutzen:<\/p>\n<p>&nbsp;<\/p>\n<p>Der Nationalpark Pavillon in Gstatterboden ist eine Au\u00dfenstelle des Standesamts Admont. Hier kann also standesamtlich geheiratet werden.<\/p>\n<p>&nbsp;<\/p>\n<p>Eine kirchliche Trauung ist in der Hubertuskapelle in Gstatterboden m\u00f6glich.<\/p>\n<p>&nbsp;<\/p>\n<p>F\u00fcr Speis, Trank und Unterkunft bieten sich der Nationalpark Pavillon und die Nationalpark Ges\u00e4use Lodge an.<\/p>\n\n        <\/div>\n            <\/div>\n    <img decoding=\"async\" src=\"https:\/\/nationalpark-gesaeuse.at\/wp-content\/uploads\/AdobeStock_173733434-Kopie.jpg\" alt=\"Heiraten im Nationalpark\" class=\"image-text__image image-text__column\" loading=\"lazy\" \/>\n<\/div><\/section>\n\n<section id='lightpress__section--block_ae1964fbf08c04e16288cb249145e79e' class='lightpress__section lightpress__section--image lightpress__section--full_width lightpress__section--'>                        <img decoding=\"async\" src=\"https:\/\/nationalpark-gesaeuse.at\/wp-content\/uploads\/Steiermark-Card-2024.png\" alt=\"Steiermark Card\" style=\"max-width: 200px\" \/>\n<\/section>\n\n<section id='lightpress__section--block_5eee8fe8f69173ff37452328b173bac6' class='lightpress__section lightpress__section--text lightpress__section--full_width lightpress__section--'>    <div><p>Das Erlebniszentrum Weidendom ist offizieller Partner der <a href=\"https:\/\/www.steiermark-card.net\/\">Steiermark-Card!<\/a><\/p>\n<\/div>\n\n    <\/section>\n\n<section id='lightpress__section--block_1ae17a3d51abee8e9309c3ddda79b7c6' class='lightpress__section lightpress__section--image-text lightpress__section--full_width lightpress__section--'><div class=\"image-text\">\n    <div class=\"image-text__content image-text__column\">\n        <p class=\"image-text__subtitle\"><\/p>\n        <h3 class=\"image-text__title uppercase color-text-darker\">Ecological footprint<\/h3>\n        <div class=\"image-text__text wysiwyg color-text-grey\">\n            <p>How big is my own ecological footprint?\nThe ecological footprint in Austria is three times as large as it should be viewed globally and questions automatically arise as to which traces we leave on this earth? <\/p>\n\n        <\/div>\n                    <a href=\"http:\/\/nationalpark-gesaeuse.at\/en\/discover-national-park\/visitor-centers\/wilow-dome\/ecological_footprint\/\"               class=\"image-text__link button button--dark\">\n                Discover more\n            <\/a>\n            <\/div>\n    <img decoding=\"async\" src=\"https:\/\/nationalpark-gesaeuse.at\/wp-content\/uploads\/Oekologischer_Fussabdruck_1_c_Nationalpark_Gesaeuse_GmbH_Stefan_-Leitner.jpg\" alt=\"Willow Dome_c-Stefan Leitner_Gesaeuse_2\" class=\"image-text__image image-text__column\" loading=\"lazy\" \/>\n<\/div><\/section>","protected":false},"excerpt":{"rendered":"","protected":false},"author":3,"featured_media":0,"parent":267,"menu_order":1,"comment_status":"closed","ping_status":"closed","template":"","meta":{"_acf_changed":false,"footnotes":""},"class_list":["post-1271","page","type-page","status-publish","hentry"],"acf":[],"_links":{"self":[{"href":"https:\/\/nationalpark-gesaeuse.at\/en\/wp-json\/wp\/v2\/pages\/1271","targetHints":{"allow":["GET"]}}],"collection":[{"href":"https:\/\/nationalpark-gesaeuse.at\/en\/wp-json\/wp\/v2\/pages"}],"about":[{"href":"https:\/\/nationalpark-gesaeuse.at\/en\/wp-json\/wp\/v2\/types\/page"}],"author":[{"embeddable":true,"href":"https:\/\/nationalpark-gesaeuse.at\/en\/wp-json\/wp\/v2\/users\/3"}],"replies":[{"embeddable":true,"href":"https:\/\/nationalpark-gesaeuse.at\/en\/wp-json\/wp\/v2\/comments?post=1271"}],"version-history":[{"count":3,"href":"https:\/\/nationalpark-gesaeuse.at\/en\/wp-json\/wp\/v2\/pages\/1271\/revisions"}],"predecessor-version":[{"id":17365,"href":"https:\/\/nationalpark-gesaeuse.at\/en\/wp-json\/wp\/v2\/pages\/1271\/revisions\/17365"}],"up":[{"embeddable":true,"href":"https:\/\/nationalpark-gesaeuse.at\/en\/wp-json\/wp\/v2\/pages\/267"}],"wp:attachment":[{"href":"https:\/\/nationalpark-gesaeuse.at\/en\/wp-json\/wp\/v2\/media?parent=1271"}],"curies":[{"name":"wp","href":"https:\/\/api.w.org\/{rel}","templated":true}]}}